{"id":12,"date":"2014-02-26T18:26:57","date_gmt":"2014-02-26T16:26:57","guid":{"rendered":"http:\/\/homepage.autoconnect24.de\/?page_id=12"},"modified":"2021-08-18T11:59:45","modified_gmt":"2021-08-18T09:59:45","slug":"finanzierung","status":"publish","type":"page","link":"https:\/\/autoconnect24.de\/jahreswagen-gebrauchtwagen-neuwagen-tageszulassungen-leasingruecklaeufer-bamberg\/finanzierung\/","title":{"rendered":"Finanzierung"},"content":{"rendered":"<hr \/>\n<p>\n\t<strong><a href=\"https:\/\/www.carcredit.de\/LoanInstalmentCalculationPage?1&amp;partnerCode=autoconn&amp;price=12500&amp;downPayment=2500\" target=\"_blank\" rel=\"noopener noreferrer\"><img decoding=\"async\" loading=\"lazy\" alt=\"Santander Consumer Bank Logo \/ Autoconnect24 e.K. Zeppelinstr.3 96052 Bamberg\" height=\"34\" src=\"https:\/\/autoconnect24.de\/wp-content\/uploads\/2018\/01\/Santander-Consumer-Bank-Logo-e1517056121224.png\" style=\"float: left;\" width=\"110\" \/><\/a>&nbsp;&nbsp;&nbsp; <span style=\"font-size:22px;\"><span style=\"font-family: arial,helvetica,sans-serif;\"><a href=\"https:\/\/www.carcredit.de\/LoanInstalmentCalculationPage?partnerCode=autoconn&amp;price=12500&amp;downPayment=2500\" target=\"Finanzierungsrechner\" rel=\"noopener noreferrer\"><span style=\"color: rgb(255, 0, 0);\">Finanzierungsrechner<\/span><\/a><\/span><\/span>&nbsp; <\/strong>\n<\/p>\n<p>\n\t<a href=\"https:\/\/www.carcredit.de\/LoanInstalmentCalculationPage?partnerCode=autoconn&amp;price=12500&amp;downPayment=2500\" target=\"FinanzierungsrechnerSantanderConsumerBank\" rel=\"noopener noreferrer\"><img decoding=\"async\" loading=\"lazy\" alt=\"\" height=\"397\" src=\"https:\/\/autoconnect24.de\/wp-content\/uploads\/2018\/01\/SC-Bank-Finanzierungsrechner-Bild-1.png\" width=\"581\" \/><\/a>\n<\/p>\n<p>\n\t<strong><span style=\"color:#0000FF;\"><span style=\"font-size: 14px;\"><em>(Aktuell g&uuml;ltige Sonderfinanzierungskonditionen erhalten Sie jeweils immer nur bei uns in den Gesch&auml;ftsr&auml;umen, da diese sich st&auml;ndig &auml;ndern!!!) &nbsp;<span style=\"font-family: arial,helvetica,sans-serif;\"> <\/span><\/em><\/span><\/span> <\/strong>\n<\/p>\n<hr \/>\n<p>\n\tJedes Fahrzeug kann &uuml;ber unsere Partnerbanken&nbsp; <a href=\"https:\/\/www.carcredit.de\/LoanInstalmentCalculationPage?1&amp;partnerCode=autoconn&amp;price=12500&amp;downPayment=2500\" target=\"_blank\" rel=\"noopener noreferrer\"><img decoding=\"async\" loading=\"lazy\" alt=\"\" height=\"34\" src=\"https:\/\/autoconnect24.de\/wp-content\/uploads\/2018\/01\/Santander-Consumer-Bank-Logo-e1517056121224.png\" width=\"110\" \/><\/a>&nbsp; &nbsp; <img decoding=\"async\" loading=\"lazy\" alt=\"\" height=\"46\" src=\"https:\/\/autoconnect24.de\/wp-content\/uploads\/2018\/01\/Bank11-Logo-e1517057699311.jpg\" style=\"margin-top: 15px; margin-bottom: 15px;\" width=\"71\" \/>\n<\/p>\n<p>\n\tf&uuml;r Sie ma&szlig;geschneidert auch ohne Anzahlung finanziert werden.\n<\/p>\n<p>\n\t<span style=\"font-family:arial,helvetica,sans-serif;\">Bei den Laufzeiten k&ouml;nnen Sie zwischen 12 und 96 Monaten frei w&auml;hlen.<\/span>\n<\/p>\n<p>\n\t<span style=\"font-family:arial,helvetica,sans-serif;\">Ihre Finanzierung wird f&uuml;r Sie komplett, ohne lange Wartezeiten und zus&auml;tzliche Bankwege, in unserem Unternehmen abgewickelt.<\/span>\n<\/p>\n<p>\n\t<span style=\"font-family:arial,helvetica,sans-serif;\">Wir sind direkt online mit unseren Partnerbanken verbunden, um Ihnen eine schnelle Abwicklung erm&ouml;glichen zu k&ouml;nnen.<\/span>\n<\/p>\n<p>\n\t<span style=\"font-family:arial,helvetica,sans-serif;\">Folgende Unterlagen werden ben&ouml;tigt:<\/span>\n<\/p>\n<ul>\n<li>\n\t\t<span style=\"font-family:arial,helvetica,sans-serif;\"><strong>Ihr g&uuml;ltiger Personalausweis oder Reisepass<\/strong><\/span>\n\t<\/li>\n<li>\n\t\t<span style=\"font-family:arial,helvetica,sans-serif;\"><strong>Ihre letzten 2 aktuellen Verdienstnachweise (nicht &auml;lter als 2 Mon.)<\/strong><\/span>\n\t<\/li>\n<\/ul>\n<p>\n\t<span style=\"font-family:arial,helvetica,sans-serif;\"><strong>Nat&uuml;rlich sind jederzeit Sondertilgungen und vorzeitige Kreditausl&ouml;sungen m&ouml;glich!<\/strong><\/span>\n<\/p>\n<p>\n\t<span style=\"font-family:arial,helvetica,sans-serif;\">Absolute Diskretion sichern wir Ihnen selbstverst&auml;ndlich zu.<\/span>\n<\/p>\n<hr \/>\n<h1>\n\t<em>AutoFlex Finanzierung &#8211; So anpassungsf&auml;hig wie ihr Leben.<\/em><br \/>\n<\/h1>\n<hr \/>\n<p>\n\t<span style=\"font-family:arial,helvetica,sans-serif;\">Infofilm<strong>: <\/strong><u><span style=\"color:#FF0000;\"><em>AutoFlex Finanzierung<\/em><\/span><\/u><\/span>\n<\/p>\n<div class=\"BorlabsCookie _brlbs-cb-youtube\">\n<div class=\"_brlbs-content-blocker\">\n<div class=\"_brlbs-embed _brlbs-video-youtube\"> <img decoding=\"async\" class=\"_brlbs-thumbnail\" src=\"https:\/\/autoconnect24.de\/wp-content\/plugins\/borlabs-cookie\/assets\/images\/cb-no-thumbnail.png\" alt=\"YouTube\"> <\/p>\n<div class=\"_brlbs-caption\">\n<p>Mit dem Laden des Videos akzeptieren Sie die Datenschutzerkl\u00e4rung von YouTube.<br \/><a href=\"https:\/\/policies.google.com\/privacy\" target=\"_blank\" rel=\"nofollow noopener noreferrer\">Mehr erfahren<\/a><\/p>\n<p><a class=\"_brlbs-btn _brlbs-icon-play-white\" href=\"#\" data-borlabs-cookie-unblock role=\"button\">Video laden<\/a><\/p>\n<p><label><input type=\"checkbox\" name=\"unblockAll\" value=\"1\" checked> <small>YouTube immer entsperren<\/small><\/label><\/p>\n<\/p><\/div>\n<\/p><\/div>\n<\/p><\/div>\n<div class=\"borlabs-hide\" data-borlabs-cookie-type=\"content-blocker\" data-borlabs-cookie-id=\"youtube\"><script type=\"text\/template\">PGlmcmFtZSB0aXRsZT0iQXV0b0ZsZXggICBTbyBhbnBhc3N1bmdzZsOkaGlnIHdpZSBpaHIgTGViZW4iIHdpZHRoPSI4NDAiIGhlaWdodD0iNDczIiBzcmM9Imh0dHBzOi8vd3d3LnlvdXR1YmUtbm9jb29raWUuY29tL2VtYmVkL0VGVFhoOXdLOGtVP2ZlYXR1cmU9b2VtYmVkIiBmcmFtZWJvcmRlcj0iMCIgYWxsb3c9ImFjY2VsZXJvbWV0ZXI7IGF1dG9wbGF5OyBjbGlwYm9hcmQtd3JpdGU7IGVuY3J5cHRlZC1tZWRpYTsgZ3lyb3Njb3BlOyBwaWN0dXJlLWluLXBpY3R1cmUiIGFsbG93ZnVsbHNjcmVlbj48L2lmcmFtZT4=<\/script><\/div>\n<\/div>\n<hr \/>\n<p>\n\t<span style=\"font-size:26px;\"><em><span style=\"font-family: arial,helvetica,sans-serif;\">Santander Finanzierungsabsicherung Safe:<\/span><\/em><\/span>\n<\/p>\n<hr \/>\n<p>\n\t<span style=\"font-family:arial,helvetica,sans-serif;\">Infofilm<strong>: <\/strong><u><span style=\"color:#FF0000;\"><em>Santander Safe &#8211; Der l&uuml;ckenlose Versicherungsschutz<\/em><\/span><\/u><\/span>\n<\/p>\n<div class=\"BorlabsCookie _brlbs-cb-youtube\">\n<div class=\"_brlbs-content-blocker\">\n<div class=\"_brlbs-embed _brlbs-video-youtube\"> <img decoding=\"async\" class=\"_brlbs-thumbnail\" src=\"https:\/\/autoconnect24.de\/wp-content\/plugins\/borlabs-cookie\/assets\/images\/cb-no-thumbnail.png\" alt=\"YouTube\"> <\/p>\n<div class=\"_brlbs-caption\">\n<p>Mit dem Laden des Videos akzeptieren Sie die Datenschutzerkl\u00e4rung von YouTube.<br \/><a href=\"https:\/\/policies.google.com\/privacy\" target=\"_blank\" rel=\"nofollow noopener noreferrer\">Mehr erfahren<\/a><\/p>\n<p><a class=\"_brlbs-btn _brlbs-icon-play-white\" href=\"#\" data-borlabs-cookie-unblock role=\"button\">Video laden<\/a><\/p>\n<p><label><input type=\"checkbox\" name=\"unblockAll\" value=\"1\" checked> <small>YouTube immer entsperren<\/small><\/label><\/p>\n<\/p><\/div>\n<\/p><\/div>\n<\/p><\/div>\n<div class=\"borlabs-hide\" data-borlabs-cookie-type=\"content-blocker\" data-borlabs-cookie-id=\"youtube\"><script type=\"text\/template\">PGlmcmFtZSB0aXRsZT0iU2FudGFuZGVyIFNhZmUiIHdpZHRoPSI4NDAiIGhlaWdodD0iNDczIiBzcmM9Imh0dHBzOi8vd3d3LnlvdXR1YmUtbm9jb29raWUuY29tL2VtYmVkL0V6akxZTVFQRVFJP2ZlYXR1cmU9b2VtYmVkIiBmcmFtZWJvcmRlcj0iMCIgYWxsb3c9ImFjY2VsZXJvbWV0ZXI7IGF1dG9wbGF5OyBjbGlwYm9hcmQtd3JpdGU7IGVuY3J5cHRlZC1tZWRpYTsgZ3lyb3Njb3BlOyBwaWN0dXJlLWluLXBpY3R1cmUiIGFsbG93ZnVsbHNjcmVlbj48L2lmcmFtZT4=<\/script><\/div>\n<\/div>\n<p>\n\t<span style=\"font-family:arial,helvetica,sans-serif;\">Mit<em> &bdquo;Santander Safe&ldquo;<\/em> wird Ihnen zus&auml;tzlich zum Finanzierungsvertrag eine Absicherung angeboten, die weit &uuml;ber die Versicherungsleistungen einer Kaskoversicherung hinausgeht.<\/span>\n<\/p>\n<hr \/>\n<p>\n\t<span style=\"font-size:26px;\"><em><span style=\"font-family: arial,helvetica,sans-serif;\">Santander Finanzierungsabsicherung RSV-RatenSchutzVersicherung :<\/span><\/em><\/span>\n<\/p>\n<hr \/>\n<p>\n\t<span style=\"font-family:arial,helvetica,sans-serif;\">Infofilm<strong>: <\/strong><span style=\"color:#FF0000;\"><u><em>Santander RatenSchutzVersicherung<\/em><\/u><\/span><\/span>\n<\/p>\n<div class=\"BorlabsCookie _brlbs-cb-youtube\">\n<div class=\"_brlbs-content-blocker\">\n<div class=\"_brlbs-embed _brlbs-video-youtube\"> <img decoding=\"async\" class=\"_brlbs-thumbnail\" src=\"https:\/\/autoconnect24.de\/wp-content\/plugins\/borlabs-cookie\/assets\/images\/cb-no-thumbnail.png\" alt=\"YouTube\"> <\/p>\n<div class=\"_brlbs-caption\">\n<p>Mit dem Laden des Videos akzeptieren Sie die Datenschutzerkl\u00e4rung von YouTube.<br \/><a href=\"https:\/\/policies.google.com\/privacy\" target=\"_blank\" rel=\"nofollow noopener noreferrer\">Mehr erfahren<\/a><\/p>\n<p><a class=\"_brlbs-btn _brlbs-icon-play-white\" href=\"#\" data-borlabs-cookie-unblock role=\"button\">Video laden<\/a><\/p>\n<p><label><input type=\"checkbox\" name=\"unblockAll\" value=\"1\" checked> <small>YouTube immer entsperren<\/small><\/label><\/p>\n<\/p><\/div>\n<\/p><\/div>\n<\/p><\/div>\n<div class=\"borlabs-hide\" data-borlabs-cookie-type=\"content-blocker\" data-borlabs-cookie-id=\"youtube\"><script type=\"text\/template\">PGlmcmFtZSB0aXRsZT0iUmF0ZW5zY2h1dHp2ZXJzaWNoZXJ1bmciIHdpZHRoPSI4NDAiIGhlaWdodD0iNDczIiBzcmM9Imh0dHBzOi8vd3d3LnlvdXR1YmUtbm9jb29raWUuY29tL2VtYmVkL09pckg0Z2s5X0FzP2ZlYXR1cmU9b2VtYmVkIiBmcmFtZWJvcmRlcj0iMCIgYWxsb3c9ImFjY2VsZXJvbWV0ZXI7IGF1dG9wbGF5OyBjbGlwYm9hcmQtd3JpdGU7IGVuY3J5cHRlZC1tZWRpYTsgZ3lyb3Njb3BlOyBwaWN0dXJlLWluLXBpY3R1cmUiIGFsbG93ZnVsbHNjcmVlbj48L2lmcmFtZT4=<\/script><\/div>\n<\/div>\n<p>\n\t<span style=\"font-family:arial,helvetica,sans-serif;\">Der Abschluss einer<em><strong> <\/strong>RSV-RatenSchutzVersicherung <\/em>bedeutet f&uuml;r Sie als Kunde zus&auml;tzliche Sicherheit. Durch den Einsatz einer<em> RSV-RatenSchutzVersicherung<\/em> sichern Sie sich im Fall von Krankheit und Unfall ab, und im Todesfall sch&uuml;tzt man die Familie vor verbleibenden Raten. Zus&auml;tzlich bieten wir diesen Schutz auch bei Arbeitslosigkeit.<\/span>\n<\/p>\n<hr \/>\n<h1>\n\t<em><span style=\"font-family:arial,helvetica,sans-serif;\">Santander AutoDispoPlus-Card<\/span><\/em><br \/>\n<\/h1>\n<hr \/>\n<p>\n\t<span style=\"font-family:arial,helvetica,sans-serif;\">Infofilm: <span style=\"color:#FF0000;\"><u><em>AutoDispoPlus-Card<\/em><\/u><\/span><\/span>\n<\/p>\n<div class=\"BorlabsCookie _brlbs-cb-youtube\">\n<div class=\"_brlbs-content-blocker\">\n<div class=\"_brlbs-embed _brlbs-video-youtube\"> <img decoding=\"async\" class=\"_brlbs-thumbnail\" src=\"https:\/\/autoconnect24.de\/wp-content\/plugins\/borlabs-cookie\/assets\/images\/cb-no-thumbnail.png\" alt=\"YouTube\"> <\/p>\n<div class=\"_brlbs-caption\">\n<p>Mit dem Laden des Videos akzeptieren Sie die Datenschutzerkl\u00e4rung von YouTube.<br \/><a href=\"https:\/\/policies.google.com\/privacy\" target=\"_blank\" rel=\"nofollow noopener noreferrer\">Mehr erfahren<\/a><\/p>\n<p><a class=\"_brlbs-btn _brlbs-icon-play-white\" href=\"#\" data-borlabs-cookie-unblock role=\"button\">Video laden<\/a><\/p>\n<p><label><input type=\"checkbox\" name=\"unblockAll\" value=\"1\" checked> <small>YouTube immer entsperren<\/small><\/label><\/p>\n<\/p><\/div>\n<\/p><\/div>\n<\/p><\/div>\n<div class=\"borlabs-hide\" data-borlabs-cookie-type=\"content-blocker\" data-borlabs-cookie-id=\"youtube\"><script type=\"text\/template\">PGlmcmFtZSB0aXRsZT0iQXV0b0Rpc3BvUGx1cyAgIElociBwZXJzw7ZubGljaGVyIFd1bnNjaGVyZsO8bGxlciIgd2lkdGg9Ijg0MCIgaGVpZ2h0PSI0NzMiIHNyYz0iaHR0cHM6Ly93d3cueW91dHViZS1ub2Nvb2tpZS5jb20vZW1iZWQvV2dvVGxTWUp1bVE\/ZmVhdHVyZT1vZW1iZWQiIGZyYW1lYm9yZGVyPSIwIiBhbGxvdz0iYWNjZWxlcm9tZXRlcjsgYXV0b3BsYXk7IGNsaXBib2FyZC13cml0ZTsgZW5jcnlwdGVkLW1lZGlhOyBneXJvc2NvcGU7IHBpY3R1cmUtaW4tcGljdHVyZSIgYWxsb3dmdWxsc2NyZWVuPjwvaWZyYW1lPg==<\/script><\/div>\n<\/div>\n<p>\n\t<span style=\"font-family:arial,helvetica,sans-serif;\">Mit der AutoDispoPlus-Card erhalten Sie einen zus&auml;tzlichen Verf&uuml;gungsrahmen zur Ihrer freien Disposition.<\/span>\n<\/p>\n<div class=\"BorlabsCookie _brlbs-cb-googlemaps\"><div class=\"_brlbs-content-blocker\"> <div class=\"_brlbs-embed _brlbs-google-maps\"> <img class=\"_brlbs-thumbnail\" src=\"https:\/\/autoconnect24.de\/wp-content\/plugins\/borlabs-cookie\/assets\/images\/cb-maps.png\" alt=\"Google Maps\"> <div class=\"_brlbs-caption\"> <p>Mit dem Laden der Karte akzeptieren Sie die Datenschutzerkl\u00e4rung von Google.<br><a href=\"https:\/\/policies.google.com\/privacy\" target=\"_blank\" rel=\"nofollow noopener noreferrer\">Mehr erfahren<\/a><\/p> <p><a class=\"_brlbs-btn\" href=\"#\" data-borlabs-cookie-unblock role=\"button\">Karte laden<\/a><\/p> <p><label><input type=\"checkbox\" name=\"unblockAll\" value=\"1\" checked> <small>Google Maps immer entsperren<\/small><\/label><\/p> <\/div> <\/div> <\/div><div class=\"borlabs-hide\" data-borlabs-cookie-type=\"content-blocker\" data-borlabs-cookie-id=\"googlemaps\"><script type=\"text\/template\">PHA+PGlmcmFtZSBzcmM9Imh0dHBzOi8vd3d3Lmdvb2dsZS5jb20vbWFwcy9lbWJlZD9wYj0hMW0xOCExbTEyITFtMyExZDEwMjc2LjM2NTcwMjI5Mzc1OSEyZDEwLjg5ODg0MTcxMjY0MTY4MyEzZDQ5LjkxNTg1ODg5NjgxNzQ1ITJtMyExZjAhMmYwITNmMCEzbTIhMWkxMDI0ITJpNzY4ITRmMTMuMSEzbTMhMW0yITFzMHgwJTNBMHhmYjExNzdiOWI1NmNmZWZhITJzQXV0b2Nvbm5lY3QyNCUyMGUuSy4hNWUwITNtMiExc2RlITJzZGUhNHYxNjI5Mjc2MTU0ODAzITVtMiExc2RlITJzZGUiIHdpZHRoPSI2MDAiIGhlaWdodD0iNDUwIiBzdHlsZT0iYm9yZGVyOjA7IiBhbGxvd2Z1bGxzY3JlZW49IiIgbG9hZGluZz0ibGF6eSI+PC9pZnJhbWU+PC9wPg==<\/script><\/div><\/div>\n<p>\t<a href=\"https:\/\/autoconnect24.de\/jahreswagen-gebrauchtwagen-neuwagen-tageszulassungen-leasingruecklaeufer-bamberg\/\" rel=\"noopener noreferrer\" style=\"\" target=\"\" title=\"\"><img decoding=\"async\" loading=\"lazy\" alt=\"Autoconnect24 e.K. Bamberg, Finanzierung, Autofinanzierung, Leasing\" class=\"size-full wp-image-41 alignright\" height=\"39\" src=\"https:\/\/autoconnect24.de\/wp-content\/uploads\/2014\/02\/ACN24BVfKLogo.jpg\" style=\"\" title=\"Autoconnect24 e.K, Finanzierung f\u00fcr Gebrauchtwagen &amp; Jahreswagen\" width=\"176\" srcset=\"https:\/\/autoconnect24.de\/wp-content\/uploads\/2014\/02\/ACN24BVfKLogo.jpg 757w, https:\/\/autoconnect24.de\/wp-content\/uploads\/2014\/02\/ACN24BVfKLogo-300x66.jpg 300w, https:\/\/autoconnect24.de\/wp-content\/uploads\/2014\/02\/ACN24BVfKLogo-624x138.jpg 624w\" sizes=\"(max-width: 176px) 85vw, 176px\" \/><\/a>&nbsp;\n<\/p>\n<div>\n\t&nbsp;\n<\/div>\n<div>\n\t<u>Copyright<\/u>\n<\/div>\n<div style=\"color: white; font-size: 0.8em;\">\n\t<span style=\"color:#000000;\">Copyright &copy; 2026 Autoconnect24 e.K.<\/span><span style=\"color:#000000;\"> <\/span>\n<\/div>\n<div style=\"color: white; font-size: 0.8em;\">\n\t<span style=\"color:#000000;\">All rights reserved.<\/span>\n<\/div>\n","protected":false},"excerpt":{"rendered":"<p>&nbsp;&nbsp;&nbsp; Finanzierungsrechner&nbsp; (Aktuell g&uuml;ltige Sonderfinanzierungskonditionen erhalten Sie jeweils immer nur bei uns in den Gesch&auml;ftsr&auml;umen, da diese sich st&auml;ndig &auml;ndern!!!) &nbsp; Jedes Fahrzeug kann &uuml;ber unsere Partnerbanken&nbsp; &nbsp; &nbsp; f&uuml;r Sie ma&szlig;geschneidert auch ohne Anzahlung finanziert werden. Bei den Laufzeiten k&ouml;nnen Sie zwischen 12 und 96 Monaten frei w&auml;hlen. Ihre Finanzierung wird f&uuml;r Sie komplett, &hellip; <a href=\"https:\/\/autoconnect24.de\/jahreswagen-gebrauchtwagen-neuwagen-tageszulassungen-leasingruecklaeufer-bamberg\/finanzierung\/\" class=\"more-link\"><span class=\"screen-reader-text\">\u201eFinanzierung\u201c<\/span> weiterlesen<\/a><\/p>\n","protected":false},"author":1,"featured_media":0,"parent":0,"menu_order":0,"comment_status":"closed","ping_status":"open","template":"","meta":[],"yoast_head":"<!-- This site is optimized with the Yoast SEO plugin v20.9 - https:\/\/yoast.com\/wordpress\/plugins\/seo\/ -->\n<title>Finanzierung f\u00fcr Ihr Auto g\u00fcnstig by Autoconnect24 e.K., Bamberg<\/title>\n<meta name=\"description\" content=\"Finanzierung f\u00fcr Ihr neues Auto zu g\u00fcnstigen Konditionen! Sofort &amp; ohne lange Wartezeiten! Auch bei befristetem Arbeitsverh\u00e4lnis, by Autoconnect24 e.K.\" \/>\n<meta name=\"robots\" content=\"index, follow, max-snippet:-1, max-image-preview:large, max-video-preview:-1\" \/>\n<link rel=\"canonical\" href=\"https:\/\/autoconnect24.de\/jahreswagen-gebrauchtwagen-neuwagen-tageszulassungen-leasingruecklaeufer-bamberg\/finanzierung\/\" \/>\n<meta property=\"og:locale\" content=\"de_DE\" \/>\n<meta property=\"og:type\" content=\"article\" \/>\n<meta property=\"og:title\" content=\"Finanzierung f\u00fcr Ihr Auto g\u00fcnstig by Autoconnect24 e.K., Bamberg\" \/>\n<meta property=\"og:description\" content=\"Finanzierung f\u00fcr Ihr neues Auto zu g\u00fcnstigen Konditionen! Sofort &amp; ohne lange Wartezeiten! Auch bei befristetem Arbeitsverh\u00e4lnis, by Autoconnect24 e.K.\" \/>\n<meta property=\"og:url\" content=\"https:\/\/autoconnect24.de\/jahreswagen-gebrauchtwagen-neuwagen-tageszulassungen-leasingruecklaeufer-bamberg\/finanzierung\/\" \/>\n<meta property=\"og:site_name\" content=\"Autoconnect24 e.K. Die besseren Gebrauchtwagen\" \/>\n<meta property=\"article:publisher\" content=\"https:\/\/de-de.facebook.com\/bamberg.autoconnect24\/\" \/>\n<meta property=\"article:modified_time\" content=\"2021-08-18T09:59:45+00:00\" \/>\n<meta property=\"og:image\" content=\"https:\/\/autoconnect24.de\/wp-content\/uploads\/2018\/01\/Santander-Consumer-Bank-Logo-e1517056121224.png\" \/>\n<meta name=\"twitter:label1\" content=\"Gesch\u00e4tzte Lesezeit\" \/>\n\t<meta name=\"twitter:data1\" content=\"2\u00a0Minuten\" \/>\n<script type=\"application\/ld+json\" class=\"yoast-schema-graph\">{\"@context\":\"https:\/\/schema.org\",\"@graph\":[{\"@type\":\"WebPage\",\"@id\":\"https:\/\/autoconnect24.de\/jahreswagen-gebrauchtwagen-neuwagen-tageszulassungen-leasingruecklaeufer-bamberg\/finanzierung\/\",\"url\":\"https:\/\/autoconnect24.de\/jahreswagen-gebrauchtwagen-neuwagen-tageszulassungen-leasingruecklaeufer-bamberg\/finanzierung\/\",\"name\":\"Finanzierung f\u00fcr Ihr Auto g\u00fcnstig by Autoconnect24 e.K., Bamberg\",\"isPartOf\":{\"@id\":\"https:\/\/autoconnect24.de\/jahreswagen-gebrauchtwagen-neuwagen-tageszulassungen-leasingruecklaeufer-bamberg\/#website\"},\"datePublished\":\"2014-02-26T16:26:57+00:00\",\"dateModified\":\"2021-08-18T09:59:45+00:00\",\"description\":\"Finanzierung f\u00fcr Ihr neues Auto zu g\u00fcnstigen Konditionen! Sofort & ohne lange Wartezeiten! Auch bei befristetem Arbeitsverh\u00e4lnis, by Autoconnect24 e.K.\",\"inLanguage\":\"de\",\"potentialAction\":[{\"@type\":\"ReadAction\",\"target\":[\"https:\/\/autoconnect24.de\/jahreswagen-gebrauchtwagen-neuwagen-tageszulassungen-leasingruecklaeufer-bamberg\/finanzierung\/\"]}]},{\"@type\":\"WebSite\",\"@id\":\"https:\/\/autoconnect24.de\/jahreswagen-gebrauchtwagen-neuwagen-tageszulassungen-leasingruecklaeufer-bamberg\/#website\",\"url\":\"https:\/\/autoconnect24.de\/jahreswagen-gebrauchtwagen-neuwagen-tageszulassungen-leasingruecklaeufer-bamberg\/\",\"name\":\"Autoconnect24 e.K. Die besseren Gebrauchtwagen\",\"description\":\"Gepflegte Jahreswagen, Jungwagen, Gebrauchtwagen &amp; Neuwagen mit Tageszulassung zu erstklassigen 1A Konditionen in Bamberg\",\"publisher\":{\"@id\":\"https:\/\/autoconnect24.de\/jahreswagen-gebrauchtwagen-neuwagen-tageszulassungen-leasingruecklaeufer-bamberg\/#organization\"},\"potentialAction\":[{\"@type\":\"SearchAction\",\"target\":{\"@type\":\"EntryPoint\",\"urlTemplate\":\"https:\/\/autoconnect24.de\/jahreswagen-gebrauchtwagen-neuwagen-tageszulassungen-leasingruecklaeufer-bamberg\/?s={search_term_string}\"},\"query-input\":\"required name=search_term_string\"}],\"inLanguage\":\"de\"},{\"@type\":\"Organization\",\"@id\":\"https:\/\/autoconnect24.de\/jahreswagen-gebrauchtwagen-neuwagen-tageszulassungen-leasingruecklaeufer-bamberg\/#organization\",\"name\":\"Autoconnect24 e.K.\",\"url\":\"https:\/\/autoconnect24.de\/jahreswagen-gebrauchtwagen-neuwagen-tageszulassungen-leasingruecklaeufer-bamberg\/\",\"logo\":{\"@type\":\"ImageObject\",\"inLanguage\":\"de\",\"@id\":\"https:\/\/autoconnect24.de\/jahreswagen-gebrauchtwagen-neuwagen-tageszulassungen-leasingruecklaeufer-bamberg\/#\/schema\/logo\/image\/\",\"url\":\"https:\/\/autoconnect24.de\/wp-content\/uploads\/2014\/02\/ACN24BVfKLogo.jpg\",\"contentUrl\":\"https:\/\/autoconnect24.de\/wp-content\/uploads\/2014\/02\/ACN24BVfKLogo.jpg\",\"width\":757,\"height\":168,\"caption\":\"Autoconnect24 e.K.\"},\"image\":{\"@id\":\"https:\/\/autoconnect24.de\/jahreswagen-gebrauchtwagen-neuwagen-tageszulassungen-leasingruecklaeufer-bamberg\/#\/schema\/logo\/image\/\"},\"sameAs\":[\"https:\/\/de-de.facebook.com\/bamberg.autoconnect24\/\"]}]}<\/script>\n<!-- \/ Yoast SEO plugin. -->","yoast_head_json":{"title":"Finanzierung f\u00fcr Ihr Auto g\u00fcnstig by Autoconnect24 e.K., Bamberg","description":"Finanzierung f\u00fcr Ihr neues Auto zu g\u00fcnstigen Konditionen! Sofort & ohne lange Wartezeiten! Auch bei befristetem Arbeitsverh\u00e4lnis, by Autoconnect24 e.K.","robots":{"index":"index","follow":"follow","max-snippet":"max-snippet:-1","max-image-preview":"max-image-preview:large","max-video-preview":"max-video-preview:-1"},"canonical":"https:\/\/autoconnect24.de\/jahreswagen-gebrauchtwagen-neuwagen-tageszulassungen-leasingruecklaeufer-bamberg\/finanzierung\/","og_locale":"de_DE","og_type":"article","og_title":"Finanzierung f\u00fcr Ihr Auto g\u00fcnstig by Autoconnect24 e.K., Bamberg","og_description":"Finanzierung f\u00fcr Ihr neues Auto zu g\u00fcnstigen Konditionen! Sofort & ohne lange Wartezeiten! Auch bei befristetem Arbeitsverh\u00e4lnis, by Autoconnect24 e.K.","og_url":"https:\/\/autoconnect24.de\/jahreswagen-gebrauchtwagen-neuwagen-tageszulassungen-leasingruecklaeufer-bamberg\/finanzierung\/","og_site_name":"Autoconnect24 e.K. Die besseren Gebrauchtwagen","article_publisher":"https:\/\/de-de.facebook.com\/bamberg.autoconnect24\/","article_modified_time":"2021-08-18T09:59:45+00:00","og_image":[{"url":"https:\/\/autoconnect24.de\/wp-content\/uploads\/2018\/01\/Santander-Consumer-Bank-Logo-e1517056121224.png"}],"twitter_misc":{"Gesch\u00e4tzte Lesezeit":"2\u00a0Minuten"},"schema":{"@context":"https:\/\/schema.org","@graph":[{"@type":"WebPage","@id":"https:\/\/autoconnect24.de\/jahreswagen-gebrauchtwagen-neuwagen-tageszulassungen-leasingruecklaeufer-bamberg\/finanzierung\/","url":"https:\/\/autoconnect24.de\/jahreswagen-gebrauchtwagen-neuwagen-tageszulassungen-leasingruecklaeufer-bamberg\/finanzierung\/","name":"Finanzierung f\u00fcr Ihr Auto g\u00fcnstig by Autoconnect24 e.K., Bamberg","isPartOf":{"@id":"https:\/\/autoconnect24.de\/jahreswagen-gebrauchtwagen-neuwagen-tageszulassungen-leasingruecklaeufer-bamberg\/#website"},"datePublished":"2014-02-26T16:26:57+00:00","dateModified":"2021-08-18T09:59:45+00:00","description":"Finanzierung f\u00fcr Ihr neues Auto zu g\u00fcnstigen Konditionen! Sofort & ohne lange Wartezeiten! Auch bei befristetem Arbeitsverh\u00e4lnis, by Autoconnect24 e.K.","inLanguage":"de","potentialAction":[{"@type":"ReadAction","target":["https:\/\/autoconnect24.de\/jahreswagen-gebrauchtwagen-neuwagen-tageszulassungen-leasingruecklaeufer-bamberg\/finanzierung\/"]}]},{"@type":"WebSite","@id":"https:\/\/autoconnect24.de\/jahreswagen-gebrauchtwagen-neuwagen-tageszulassungen-leasingruecklaeufer-bamberg\/#website","url":"https:\/\/autoconnect24.de\/jahreswagen-gebrauchtwagen-neuwagen-tageszulassungen-leasingruecklaeufer-bamberg\/","name":"Autoconnect24 e.K. Die besseren Gebrauchtwagen","description":"Gepflegte Jahreswagen, Jungwagen, Gebrauchtwagen &amp; Neuwagen mit Tageszulassung zu erstklassigen 1A Konditionen in Bamberg","publisher":{"@id":"https:\/\/autoconnect24.de\/jahreswagen-gebrauchtwagen-neuwagen-tageszulassungen-leasingruecklaeufer-bamberg\/#organization"},"potentialAction":[{"@type":"SearchAction","target":{"@type":"EntryPoint","urlTemplate":"https:\/\/autoconnect24.de\/jahreswagen-gebrauchtwagen-neuwagen-tageszulassungen-leasingruecklaeufer-bamberg\/?s={search_term_string}"},"query-input":"required name=search_term_string"}],"inLanguage":"de"},{"@type":"Organization","@id":"https:\/\/autoconnect24.de\/jahreswagen-gebrauchtwagen-neuwagen-tageszulassungen-leasingruecklaeufer-bamberg\/#organization","name":"Autoconnect24 e.K.","url":"https:\/\/autoconnect24.de\/jahreswagen-gebrauchtwagen-neuwagen-tageszulassungen-leasingruecklaeufer-bamberg\/","logo":{"@type":"ImageObject","inLanguage":"de","@id":"https:\/\/autoconnect24.de\/jahreswagen-gebrauchtwagen-neuwagen-tageszulassungen-leasingruecklaeufer-bamberg\/#\/schema\/logo\/image\/","url":"https:\/\/autoconnect24.de\/wp-content\/uploads\/2014\/02\/ACN24BVfKLogo.jpg","contentUrl":"https:\/\/autoconnect24.de\/wp-content\/uploads\/2014\/02\/ACN24BVfKLogo.jpg","width":757,"height":168,"caption":"Autoconnect24 e.K."},"image":{"@id":"https:\/\/autoconnect24.de\/jahreswagen-gebrauchtwagen-neuwagen-tageszulassungen-leasingruecklaeufer-bamberg\/#\/schema\/logo\/image\/"},"sameAs":["https:\/\/de-de.facebook.com\/bamberg.autoconnect24\/"]}]}},"_links":{"self":[{"href":"https:\/\/autoconnect24.de\/jahreswagen-gebrauchtwagen-neuwagen-tageszulassungen-leasingruecklaeufer-bamberg\/wp-json\/wp\/v2\/pages\/12"}],"collection":[{"href":"https:\/\/autoconnect24.de\/jahreswagen-gebrauchtwagen-neuwagen-tageszulassungen-leasingruecklaeufer-bamberg\/wp-json\/wp\/v2\/pages"}],"about":[{"href":"https:\/\/autoconnect24.de\/jahreswagen-gebrauchtwagen-neuwagen-tageszulassungen-leasingruecklaeufer-bamberg\/wp-json\/wp\/v2\/types\/page"}],"author":[{"embeddable":true,"href":"https:\/\/autoconnect24.de\/jahreswagen-gebrauchtwagen-neuwagen-tageszulassungen-leasingruecklaeufer-bamberg\/wp-json\/wp\/v2\/users\/1"}],"replies":[{"embeddable":true,"href":"https:\/\/autoconnect24.de\/jahreswagen-gebrauchtwagen-neuwagen-tageszulassungen-leasingruecklaeufer-bamberg\/wp-json\/wp\/v2\/comments?post=12"}],"version-history":[{"count":72,"href":"https:\/\/autoconnect24.de\/jahreswagen-gebrauchtwagen-neuwagen-tageszulassungen-leasingruecklaeufer-bamberg\/wp-json\/wp\/v2\/pages\/12\/revisions"}],"predecessor-version":[{"id":2995,"href":"https:\/\/autoconnect24.de\/jahreswagen-gebrauchtwagen-neuwagen-tageszulassungen-leasingruecklaeufer-bamberg\/wp-json\/wp\/v2\/pages\/12\/revisions\/2995"}],"wp:attachment":[{"href":"https:\/\/autoconnect24.de\/jahreswagen-gebrauchtwagen-neuwagen-tageszulassungen-leasingruecklaeufer-bamberg\/wp-json\/wp\/v2\/media?parent=12"}],"curies":[{"name":"wp","href":"https:\/\/api.w.org\/{rel}","templated":true}]}}