{"id":123,"date":"2014-02-28T17:43:02","date_gmt":"2014-02-28T15:43:02","guid":{"rendered":"http:\/\/autoconnect24.de\/?page_id=123"},"modified":"2020-03-04T13:44:32","modified_gmt":"2020-03-04T11:44:32","slug":"kfz-versicherung","status":"publish","type":"page","link":"https:\/\/autoconnect24.de\/jahreswagen-gebrauchtwagen-neuwagen-tageszulassungen-leasingruecklaeufer-bamberg\/kfz-versicherung\/","title":{"rendered":"KFZ-Versicherung"},"content":{"rendered":"<p>\n\t<script type=\"text\/javascript\">\nfunction googleTranslateElementInit() {\n  new google.translate.TranslateElement({pageLanguage: 'de', layout: google.translate.TranslateElement.InlineLayout.SIMPLE}, 'google_translate_element');\n}\n<\/script><script type=\"text\/javascript\" src=\"\/\/translate.google.com\/translate_a\/element.js?cb=googleTranslateElementInit\"><\/script>\n<\/p>\n<h1>\n\t<span style=\"font-size:24px;\"><strong><span style=\"font-family: arial, helvetica, sans-serif;\">&nbsp;Kfz-Versicherung fuer Ihr neues Fahrzeug kalkulieren und richtig sparen!<\/span><\/strong><\/span><br \/>\n<\/h1>\n<p>\n\t<a href=\"https:\/\/a.partner-versicherung.de\/click.php?partner_id=90100&amp;ad_id=442&amp;deep=kfz-versicherung\" target=\"_blank\" rel=\"noopener noreferrer\"><img decoding=\"async\" src=\"https:\/\/a.partner-versicherung.de\/view.php?partner_id=90100&amp;ad_id=442\" \/><\/a>\n<\/p>\n<p>\n\tKalkulieren Sie hier die Kfz-Versicherungsrate fuer Ihr neues Fahrzeug &#8211; <b> Wechseln bedeutet sparen!<\/b>\n<\/p>\n<p>\n\t<a href=\"https:\/\/autoconnect24.de\/jahreswagen-gebrauchtwagen-neuwagen-tageszulassungen-leasingruecklaeufer-bamberg\/\" rel=\"noopener noreferrer\" style=\"\" target=\"\" title=\"\"><img decoding=\"async\" loading=\"lazy\" alt=\"Autoconnect24 e.K. Bamberg, Service, G\u00fcnstige Jahreswagen Bamberg, gebrauchtwagen bamberg, jungwagen bamberg, Finanzierung, Inzahlungnahme, KFZ-Versicherung\" class=\"size-full wp-image-41 alignright\" height=\"39\" src=\"https:\/\/autoconnect24.de\/wp-content\/uploads\/2014\/02\/ACN24BVfKLogo.jpg\" style=\"\" title=\"Autoconnect24 e.K. Bamberg, Service, G\u00fcnstige Jahreswagen Bamberg, gebrauchtwagen bamberg, jungwagen bamberg, Finanzierung, Inzahlungnahme, KFZ-Versicherung\" width=\"176\" srcset=\"https:\/\/autoconnect24.de\/wp-content\/uploads\/2014\/02\/ACN24BVfKLogo.jpg 757w, https:\/\/autoconnect24.de\/wp-content\/uploads\/2014\/02\/ACN24BVfKLogo-300x66.jpg 300w, https:\/\/autoconnect24.de\/wp-content\/uploads\/2014\/02\/ACN24BVfKLogo-624x138.jpg 624w\" sizes=\"(max-width: 176px) 85vw, 176px\" \/><\/a>\n<\/p>\n<div>\n\t<u>Copyright<\/u>\n<\/div>\n<div>\n\t<span style=\"color:#000000;\">Copyright &copy; 2026 Autoconnect24 e.K.<\/span><span style=\"color:#000000;\"> <\/span>\n<\/div>\n<div style=\"color: white; font-size: 0.8em;\">\n\t<span style=\"color:#000000;\">All rights reserved.<\/span>\n<\/div>\n<p>\n\t&nbsp;<\/p>\n","protected":false},"excerpt":{"rendered":"<p>&nbsp;Kfz-Versicherung fuer Ihr neues Fahrzeug kalkulieren und richtig sparen! Kalkulieren Sie hier die Kfz-Versicherungsrate fuer Ihr neues Fahrzeug &#8211; Wechseln bedeutet sparen! Copyright Copyright &copy; Autoconnect24 e.K. All rights reserved. &nbsp;<\/p>\n","protected":false},"author":1,"featured_media":0,"parent":0,"menu_order":0,"comment_status":"closed","ping_status":"open","template":"","meta":[],"yoast_head":"<!-- This site is optimized with the Yoast SEO plugin v20.9 - https:\/\/yoast.com\/wordpress\/plugins\/seo\/ -->\n<title>KFZ-Versicherung f\u00fcr Ihr Auto by Autoconnect24 e.K Bamberg<\/title>\n<meta name=\"description\" content=\"KFZ-Versicherung f\u00fcr Ihren gepr\u00fcften Gebrauchtwagen, Jahreswagen, Tageszulassung oder Neuwagen by Autoconnect24 e.K, Zeppelinstr. 3, 96052 Bamberg\" \/>\n<meta name=\"robots\" content=\"index, follow, max-snippet:-1, max-image-preview:large, max-video-preview:-1\" \/>\n<link rel=\"canonical\" href=\"https:\/\/autoconnect24.de\/jahreswagen-gebrauchtwagen-neuwagen-tageszulassungen-leasingruecklaeufer-bamberg\/kfz-versicherung\/\" \/>\n<meta property=\"og:locale\" content=\"de_DE\" \/>\n<meta property=\"og:type\" content=\"article\" \/>\n<meta property=\"og:title\" content=\"KFZ-Versicherung f\u00fcr Ihr Auto by Autoconnect24 e.K Bamberg\" \/>\n<meta property=\"og:description\" content=\"KFZ-Versicherung f\u00fcr Ihren gepr\u00fcften Gebrauchtwagen, Jahreswagen, Tageszulassung oder Neuwagen by Autoconnect24 e.K, Zeppelinstr. 3, 96052 Bamberg\" \/>\n<meta property=\"og:url\" content=\"https:\/\/autoconnect24.de\/jahreswagen-gebrauchtwagen-neuwagen-tageszulassungen-leasingruecklaeufer-bamberg\/kfz-versicherung\/\" \/>\n<meta property=\"og:site_name\" content=\"Autoconnect24 e.K. Die besseren Gebrauchtwagen\" \/>\n<meta property=\"article:publisher\" content=\"https:\/\/de-de.facebook.com\/bamberg.autoconnect24\/\" \/>\n<meta property=\"article:modified_time\" content=\"2020-03-04T11:44:32+00:00\" \/>\n<meta property=\"og:image\" content=\"https:\/\/a.partner-versicherung.de\/view.php?partner_id=90100&amp;ad_id=442\" \/>\n<script type=\"application\/ld+json\" class=\"yoast-schema-graph\">{\"@context\":\"https:\/\/schema.org\",\"@graph\":[{\"@type\":\"WebPage\",\"@id\":\"https:\/\/autoconnect24.de\/jahreswagen-gebrauchtwagen-neuwagen-tageszulassungen-leasingruecklaeufer-bamberg\/kfz-versicherung\/\",\"url\":\"https:\/\/autoconnect24.de\/jahreswagen-gebrauchtwagen-neuwagen-tageszulassungen-leasingruecklaeufer-bamberg\/kfz-versicherung\/\",\"name\":\"KFZ-Versicherung f\u00fcr Ihr Auto by Autoconnect24 e.K Bamberg\",\"isPartOf\":{\"@id\":\"https:\/\/autoconnect24.de\/jahreswagen-gebrauchtwagen-neuwagen-tageszulassungen-leasingruecklaeufer-bamberg\/#website\"},\"datePublished\":\"2014-02-28T15:43:02+00:00\",\"dateModified\":\"2020-03-04T11:44:32+00:00\",\"description\":\"KFZ-Versicherung f\u00fcr Ihren gepr\u00fcften Gebrauchtwagen, Jahreswagen, Tageszulassung oder Neuwagen by Autoconnect24 e.K, Zeppelinstr. 3, 96052 Bamberg\",\"inLanguage\":\"de\",\"potentialAction\":[{\"@type\":\"ReadAction\",\"target\":[\"https:\/\/autoconnect24.de\/jahreswagen-gebrauchtwagen-neuwagen-tageszulassungen-leasingruecklaeufer-bamberg\/kfz-versicherung\/\"]}]},{\"@type\":\"WebSite\",\"@id\":\"https:\/\/autoconnect24.de\/jahreswagen-gebrauchtwagen-neuwagen-tageszulassungen-leasingruecklaeufer-bamberg\/#website\",\"url\":\"https:\/\/autoconnect24.de\/jahreswagen-gebrauchtwagen-neuwagen-tageszulassungen-leasingruecklaeufer-bamberg\/\",\"name\":\"Autoconnect24 e.K. Die besseren Gebrauchtwagen\",\"description\":\"Gepflegte Jahreswagen, Jungwagen, Gebrauchtwagen &amp; Neuwagen mit Tageszulassung zu erstklassigen 1A Konditionen in Bamberg\",\"publisher\":{\"@id\":\"https:\/\/autoconnect24.de\/jahreswagen-gebrauchtwagen-neuwagen-tageszulassungen-leasingruecklaeufer-bamberg\/#organization\"},\"potentialAction\":[{\"@type\":\"SearchAction\",\"target\":{\"@type\":\"EntryPoint\",\"urlTemplate\":\"https:\/\/autoconnect24.de\/jahreswagen-gebrauchtwagen-neuwagen-tageszulassungen-leasingruecklaeufer-bamberg\/?s={search_term_string}\"},\"query-input\":\"required name=search_term_string\"}],\"inLanguage\":\"de\"},{\"@type\":\"Organization\",\"@id\":\"https:\/\/autoconnect24.de\/jahreswagen-gebrauchtwagen-neuwagen-tageszulassungen-leasingruecklaeufer-bamberg\/#organization\",\"name\":\"Autoconnect24 e.K.\",\"url\":\"https:\/\/autoconnect24.de\/jahreswagen-gebrauchtwagen-neuwagen-tageszulassungen-leasingruecklaeufer-bamberg\/\",\"logo\":{\"@type\":\"ImageObject\",\"inLanguage\":\"de\",\"@id\":\"https:\/\/autoconnect24.de\/jahreswagen-gebrauchtwagen-neuwagen-tageszulassungen-leasingruecklaeufer-bamberg\/#\/schema\/logo\/image\/\",\"url\":\"https:\/\/autoconnect24.de\/wp-content\/uploads\/2014\/02\/ACN24BVfKLogo.jpg\",\"contentUrl\":\"https:\/\/autoconnect24.de\/wp-content\/uploads\/2014\/02\/ACN24BVfKLogo.jpg\",\"width\":757,\"height\":168,\"caption\":\"Autoconnect24 e.K.\"},\"image\":{\"@id\":\"https:\/\/autoconnect24.de\/jahreswagen-gebrauchtwagen-neuwagen-tageszulassungen-leasingruecklaeufer-bamberg\/#\/schema\/logo\/image\/\"},\"sameAs\":[\"https:\/\/de-de.facebook.com\/bamberg.autoconnect24\/\"]}]}<\/script>\n<!-- \/ Yoast SEO plugin. -->","yoast_head_json":{"title":"KFZ-Versicherung f\u00fcr Ihr Auto by Autoconnect24 e.K Bamberg","description":"KFZ-Versicherung f\u00fcr Ihren gepr\u00fcften Gebrauchtwagen, Jahreswagen, Tageszulassung oder Neuwagen by Autoconnect24 e.K, Zeppelinstr. 3, 96052 Bamberg","robots":{"index":"index","follow":"follow","max-snippet":"max-snippet:-1","max-image-preview":"max-image-preview:large","max-video-preview":"max-video-preview:-1"},"canonical":"https:\/\/autoconnect24.de\/jahreswagen-gebrauchtwagen-neuwagen-tageszulassungen-leasingruecklaeufer-bamberg\/kfz-versicherung\/","og_locale":"de_DE","og_type":"article","og_title":"KFZ-Versicherung f\u00fcr Ihr Auto by Autoconnect24 e.K Bamberg","og_description":"KFZ-Versicherung f\u00fcr Ihren gepr\u00fcften Gebrauchtwagen, Jahreswagen, Tageszulassung oder Neuwagen by Autoconnect24 e.K, Zeppelinstr. 3, 96052 Bamberg","og_url":"https:\/\/autoconnect24.de\/jahreswagen-gebrauchtwagen-neuwagen-tageszulassungen-leasingruecklaeufer-bamberg\/kfz-versicherung\/","og_site_name":"Autoconnect24 e.K. Die besseren Gebrauchtwagen","article_publisher":"https:\/\/de-de.facebook.com\/bamberg.autoconnect24\/","article_modified_time":"2020-03-04T11:44:32+00:00","og_image":[{"url":"https:\/\/a.partner-versicherung.de\/view.php?partner_id=90100&amp;ad_id=442"}],"schema":{"@context":"https:\/\/schema.org","@graph":[{"@type":"WebPage","@id":"https:\/\/autoconnect24.de\/jahreswagen-gebrauchtwagen-neuwagen-tageszulassungen-leasingruecklaeufer-bamberg\/kfz-versicherung\/","url":"https:\/\/autoconnect24.de\/jahreswagen-gebrauchtwagen-neuwagen-tageszulassungen-leasingruecklaeufer-bamberg\/kfz-versicherung\/","name":"KFZ-Versicherung f\u00fcr Ihr Auto by Autoconnect24 e.K Bamberg","isPartOf":{"@id":"https:\/\/autoconnect24.de\/jahreswagen-gebrauchtwagen-neuwagen-tageszulassungen-leasingruecklaeufer-bamberg\/#website"},"datePublished":"2014-02-28T15:43:02+00:00","dateModified":"2020-03-04T11:44:32+00:00","description":"KFZ-Versicherung f\u00fcr Ihren gepr\u00fcften Gebrauchtwagen, Jahreswagen, Tageszulassung oder Neuwagen by Autoconnect24 e.K, Zeppelinstr. 3, 96052 Bamberg","inLanguage":"de","potentialAction":[{"@type":"ReadAction","target":["https:\/\/autoconnect24.de\/jahreswagen-gebrauchtwagen-neuwagen-tageszulassungen-leasingruecklaeufer-bamberg\/kfz-versicherung\/"]}]},{"@type":"WebSite","@id":"https:\/\/autoconnect24.de\/jahreswagen-gebrauchtwagen-neuwagen-tageszulassungen-leasingruecklaeufer-bamberg\/#website","url":"https:\/\/autoconnect24.de\/jahreswagen-gebrauchtwagen-neuwagen-tageszulassungen-leasingruecklaeufer-bamberg\/","name":"Autoconnect24 e.K. Die besseren Gebrauchtwagen","description":"Gepflegte Jahreswagen, Jungwagen, Gebrauchtwagen &amp; Neuwagen mit Tageszulassung zu erstklassigen 1A Konditionen in Bamberg","publisher":{"@id":"https:\/\/autoconnect24.de\/jahreswagen-gebrauchtwagen-neuwagen-tageszulassungen-leasingruecklaeufer-bamberg\/#organization"},"potentialAction":[{"@type":"SearchAction","target":{"@type":"EntryPoint","urlTemplate":"https:\/\/autoconnect24.de\/jahreswagen-gebrauchtwagen-neuwagen-tageszulassungen-leasingruecklaeufer-bamberg\/?s={search_term_string}"},"query-input":"required name=search_term_string"}],"inLanguage":"de"},{"@type":"Organization","@id":"https:\/\/autoconnect24.de\/jahreswagen-gebrauchtwagen-neuwagen-tageszulassungen-leasingruecklaeufer-bamberg\/#organization","name":"Autoconnect24 e.K.","url":"https:\/\/autoconnect24.de\/jahreswagen-gebrauchtwagen-neuwagen-tageszulassungen-leasingruecklaeufer-bamberg\/","logo":{"@type":"ImageObject","inLanguage":"de","@id":"https:\/\/autoconnect24.de\/jahreswagen-gebrauchtwagen-neuwagen-tageszulassungen-leasingruecklaeufer-bamberg\/#\/schema\/logo\/image\/","url":"https:\/\/autoconnect24.de\/wp-content\/uploads\/2014\/02\/ACN24BVfKLogo.jpg","contentUrl":"https:\/\/autoconnect24.de\/wp-content\/uploads\/2014\/02\/ACN24BVfKLogo.jpg","width":757,"height":168,"caption":"Autoconnect24 e.K."},"image":{"@id":"https:\/\/autoconnect24.de\/jahreswagen-gebrauchtwagen-neuwagen-tageszulassungen-leasingruecklaeufer-bamberg\/#\/schema\/logo\/image\/"},"sameAs":["https:\/\/de-de.facebook.com\/bamberg.autoconnect24\/"]}]}},"_links":{"self":[{"href":"https:\/\/autoconnect24.de\/jahreswagen-gebrauchtwagen-neuwagen-tageszulassungen-leasingruecklaeufer-bamberg\/wp-json\/wp\/v2\/pages\/123"}],"collection":[{"href":"https:\/\/autoconnect24.de\/jahreswagen-gebrauchtwagen-neuwagen-tageszulassungen-leasingruecklaeufer-bamberg\/wp-json\/wp\/v2\/pages"}],"about":[{"href":"https:\/\/autoconnect24.de\/jahreswagen-gebrauchtwagen-neuwagen-tageszulassungen-leasingruecklaeufer-bamberg\/wp-json\/wp\/v2\/types\/page"}],"author":[{"embeddable":true,"href":"https:\/\/autoconnect24.de\/jahreswagen-gebrauchtwagen-neuwagen-tageszulassungen-leasingruecklaeufer-bamberg\/wp-json\/wp\/v2\/users\/1"}],"replies":[{"embeddable":true,"href":"https:\/\/autoconnect24.de\/jahreswagen-gebrauchtwagen-neuwagen-tageszulassungen-leasingruecklaeufer-bamberg\/wp-json\/wp\/v2\/comments?post=123"}],"version-history":[{"count":50,"href":"https:\/\/autoconnect24.de\/jahreswagen-gebrauchtwagen-neuwagen-tageszulassungen-leasingruecklaeufer-bamberg\/wp-json\/wp\/v2\/pages\/123\/revisions"}],"predecessor-version":[{"id":2439,"href":"https:\/\/autoconnect24.de\/jahreswagen-gebrauchtwagen-neuwagen-tageszulassungen-leasingruecklaeufer-bamberg\/wp-json\/wp\/v2\/pages\/123\/revisions\/2439"}],"wp:attachment":[{"href":"https:\/\/autoconnect24.de\/jahreswagen-gebrauchtwagen-neuwagen-tageszulassungen-leasingruecklaeufer-bamberg\/wp-json\/wp\/v2\/media?parent=123"}],"curies":[{"name":"wp","href":"https:\/\/api.w.org\/{rel}","templated":true}]}}