{"id":19,"date":"2014-02-26T18:34:25","date_gmt":"2014-02-26T16:34:25","guid":{"rendered":"http:\/\/homepage.autoconnect24.de\/?page_id=19"},"modified":"2020-03-04T13:43:16","modified_gmt":"2020-03-04T11:43:16","slug":"garantie-gebrauchtwagengarantie-neuwagenanschlussgarantie-neufahrzeuganschlussgarantie-jahreswagengarantie-herstellergarantie","status":"publish","type":"page","link":"https:\/\/autoconnect24.de\/jahreswagen-gebrauchtwagen-neuwagen-tageszulassungen-leasingruecklaeufer-bamberg\/garantie-gebrauchtwagengarantie-neuwagenanschlussgarantie-neufahrzeuganschlussgarantie-jahreswagengarantie-herstellergarantie\/","title":{"rendered":"Garantie"},"content":{"rendered":"<h1>\n\t<span style=\"font-size: 16px;\"><span style=\"text-decoration: underline;\"><strong><span style=\"background-color:#FFFFFF;\">Gew&auml;hrleistung<\/span><\/strong><\/span><\/span><br \/>\n<\/h1>\n<p>\n\t<strong>&bdquo;Beschaffenheits- Garantie&ldquo;<\/strong> &#8211; sie regelt die 12 monatige gesetzliche Verpflichtung des H&auml;ndlers f&uuml;r M&auml;ngel einzustehen, die zum Zeitpunkt des Verkaufs vorhanden waren, welche sich\n<\/p>\n<p>\n\taber erst sp&auml;ter bemerkbar machen.\n<\/p>\n<p>\n\t<em>Unsere Fahrzeuge haben einen guten Wartungs- und Pflegezustand. Jedes&nbsp;Fahrzeug wird vor Auslieferung technisch &uuml;berpr&uuml;ft.<\/em>\n<\/p>\n<h2>\n\t<span style=\"font-size: 16px;\"><span style=\"text-decoration: underline;\"><strong><span style=\"background-color:#FFFFFF;\">Garantie<\/span><\/strong><\/span><\/span><br \/>\n<\/h2>\n<p>\n\t<img decoding=\"async\" alt=\"\" src=\"http:\/\/www.meneks.de\/fileadmin\/_processed_\/csm_logo_10e4553caa.png\" style=\"width: 58px; height: 20px;\" \/><span style=\"font-size:8px;\">AG<\/span>&nbsp;&nbsp;<strong>&bdquo;Erhaltungs- Garantie&ldquo;<\/strong> &#8211; sie garantiert die Funktionsf&auml;higkeit des Fahrzeugs innerhalb eines bestimmten Zeitrahmens. Sie umfasst Bauteile gem&auml;&szlig; den zugrunde liegenden Bedingungen auch dann, wenn der Mangel bei Verkauf noch nicht vorhanden war und somit eine Haftung des H&auml;ndlers nicht gegeben ist. Aufgrund ihres gro&szlig;en Leistungsumfangs und der H&ouml;he ihrer Leistung ist sie <em><strong>ein absolutes <u>Muss<\/u> f&uuml;r jeden&nbsp;<\/strong><\/em><em><strong>Autok&auml;ufer.<\/strong><\/em>\n<\/p>\n<p>\n\t&nbsp;<span style=\"font-size: 16px;\"><u><strong>Fazit <\/strong>(Gew&auml;hrleistung oder Garantie)<\/u><\/span>\n<\/p>\n<p>\n\tNeben der obligatorischen, f&uuml;r Sie kostenlosen <strong>12 monatigen H&auml;ndler-Gew&auml;hrleistung <\/strong>(Sachmangelhaftung)<strong>,<\/strong> empfehlen wir Ihnen <u>generell <\/u>eine umfassende &nbsp;&nbsp;<img decoding=\"async\" alt=\"\" src=\"http:\/\/www.meneks.de\/fileadmin\/_processed_\/csm_logo_10e4553caa.png\" style=\"width: 58px; height: 20px;\" \/><span style=\"font-size:8px;\">AG<\/span><strong>&nbsp; Gebrauchtwagengarantie <\/strong>oder <strong>Neuwagenanschlussgarantie<\/strong> abzuschlie&szlig;en.<a href=\"https:\/\/autoconnect24.de\/wp-content\/uploads\/2014\/02\/Zitat-Walter-R\u00f6hrl.jpg\"><img decoding=\"async\" loading=\"lazy\" alt=\"Zitat Walter R\u00f6hrl\" class=\"alignright size-medium wp-image-97\" height=\"228\" src=\"https:\/\/autoconnect24.de\/wp-content\/uploads\/2014\/02\/Zitat-Walter-R\u00f6hrl-300x228.jpg\" width=\"300\" srcset=\"https:\/\/autoconnect24.de\/wp-content\/uploads\/2014\/02\/Zitat-Walter-R\u00f6hrl-300x228.jpg 300w, https:\/\/autoconnect24.de\/wp-content\/uploads\/2014\/02\/Zitat-Walter-R\u00f6hrl-1024x778.jpg 1024w, https:\/\/autoconnect24.de\/wp-content\/uploads\/2014\/02\/Zitat-Walter-R\u00f6hrl-624x474.jpg 624w, https:\/\/autoconnect24.de\/wp-content\/uploads\/2014\/02\/Zitat-Walter-R\u00f6hrl.jpg 1925w\" sizes=\"(max-width: 300px) 85vw, 300px\" \/><\/a>\n<\/p>\n<p>\n\tDiese ist wahlweise &uuml;ber<strong> 12 oder 24 Monate bei Kauf abschlie&szlig;bar und danach j&auml;hrlich, bis zu 10 Jahre \/ 250.000 KM<\/strong>, nach den Richtlinien der renommierten Meneks AG verl&auml;ngerbar.\n<\/p>\n<p>\n\t<span style=\"font-size:14px;\"><strong><em>Diese garantiert Ihnen hohe Sicherheit nach Ihrem Kauf!<\/em><\/strong><\/span>\n<\/p>\n<p>\n\t&nbsp;&nbsp;&nbsp;&nbsp;&nbsp;&nbsp;&nbsp;&nbsp;&nbsp;&nbsp;&nbsp;&nbsp;&nbsp;&nbsp;&nbsp;&nbsp;&nbsp;&nbsp;&nbsp;&nbsp;&nbsp;&nbsp;&nbsp;&nbsp;&nbsp;&nbsp;&nbsp;&nbsp;&nbsp;&nbsp;&nbsp;&nbsp;&nbsp;&nbsp;&nbsp;&nbsp;&nbsp;&nbsp;&nbsp;&nbsp;&nbsp;&nbsp;&nbsp;&nbsp;&nbsp;&nbsp;&nbsp;&nbsp;&nbsp;&nbsp;&nbsp;&nbsp;&nbsp;&nbsp;&nbsp;&nbsp;&nbsp;&nbsp;&nbsp;&nbsp;&nbsp;&nbsp;&nbsp;&nbsp;&nbsp;&nbsp;&nbsp;&nbsp;&nbsp;&nbsp;&nbsp; &nbsp; &nbsp; &nbsp; &nbsp; &nbsp; &nbsp; &nbsp; &nbsp; &nbsp; &nbsp; &nbsp; &nbsp; &nbsp; &nbsp; &nbsp; &nbsp; &nbsp; &nbsp; &nbsp; &nbsp; &nbsp; &nbsp;&nbsp;&nbsp; &nbsp; &nbsp; &nbsp; &nbsp; &nbsp; &nbsp; &nbsp; &nbsp; &nbsp; &nbsp; &nbsp; &nbsp;&nbsp; &nbsp; &nbsp; &nbsp; &nbsp; &nbsp; &nbsp; &nbsp; &nbsp;&nbsp; &nbsp;&nbsp; &nbsp; &nbsp; &nbsp; &nbsp; <a href=\"https:\/\/autoconnect24.de\/jahreswagen-gebrauchtwagen-neuwagen-tageszulassungen-leasingruecklaeufer-bamberg\/\" rel=\"noopener noreferrer\" style=\"\" target=\"\" title=\"\"><img decoding=\"async\" loading=\"lazy\" alt=\"Autoconnect24 e.K. Bamberg, Garantie, Gebrauchtwagengarantie, Neuwagengarantie, Herstellergarantie\" class=\"size-full wp-image-41 alignright\" height=\"39\" src=\"https:\/\/autoconnect24.de\/wp-content\/uploads\/2014\/02\/ACN24BVfKLogo.jpg\" style=\"\" title=\"Garantie f\u00fcr Gebrauchtwagen &amp; Neuwagenanschluss by Autoconnect24\" width=\"176\" srcset=\"https:\/\/autoconnect24.de\/wp-content\/uploads\/2014\/02\/ACN24BVfKLogo.jpg 757w, https:\/\/autoconnect24.de\/wp-content\/uploads\/2014\/02\/ACN24BVfKLogo-300x66.jpg 300w, https:\/\/autoconnect24.de\/wp-content\/uploads\/2014\/02\/ACN24BVfKLogo-624x138.jpg 624w\" sizes=\"(max-width: 176px) 85vw, 176px\" \/><\/a>\n<\/p>\n<p>\n\t&nbsp;\n<\/p>\n<div>\n\t<u>Copyright<\/u>\n<\/div>\n<div style=\"color: white; font-size: 0.8em;\">\n\t<span style=\"color:#000000;\">Copyright &copy; 2026 Autoconnect24 e.K.<\/span><span style=\"color:#000000;\"> <\/span>\n<\/div>\n<div style=\"color: white; font-size: 0.8em;\">\n\t<span style=\"color:#000000;\">All rights reserved.<\/span>\n<\/div>\n","protected":false},"excerpt":{"rendered":"<p>Gew&auml;hrleistung &bdquo;Beschaffenheits- Garantie&ldquo; &#8211; sie regelt die 12 monatige gesetzliche Verpflichtung des H&auml;ndlers f&uuml;r M&auml;ngel einzustehen, die zum Zeitpunkt des Verkaufs vorhanden waren, welche sich aber erst sp&auml;ter bemerkbar machen. Unsere Fahrzeuge haben einen guten Wartungs- und Pflegezustand. Jedes&nbsp;Fahrzeug wird vor Auslieferung technisch &uuml;berpr&uuml;ft. Garantie AG&nbsp;&nbsp;&bdquo;Erhaltungs- Garantie&ldquo; &#8211; sie garantiert die Funktionsf&auml;higkeit des Fahrzeugs innerhalb &hellip; <a href=\"https:\/\/autoconnect24.de\/jahreswagen-gebrauchtwagen-neuwagen-tageszulassungen-leasingruecklaeufer-bamberg\/garantie-gebrauchtwagengarantie-neuwagenanschlussgarantie-neufahrzeuganschlussgarantie-jahreswagengarantie-herstellergarantie\/\" class=\"more-link\"><span class=\"screen-reader-text\">\u201eGarantie\u201c<\/span> weiterlesen<\/a><\/p>\n","protected":false},"author":1,"featured_media":0,"parent":0,"menu_order":0,"comment_status":"closed","ping_status":"open","template":"","meta":[],"yoast_head":"<!-- This site is optimized with the Yoast SEO plugin v20.9 - https:\/\/yoast.com\/wordpress\/plugins\/seo\/ -->\n<title>Garantie f\u00fcr Gebrauchtwagen &amp; Neuwagenanschluss by Autoconnect24<\/title>\n<meta name=\"description\" content=\"Garantie f\u00fcr Jahreswagen, Tageszulassungen &amp; Gebrauchtwagen f\u00fcr bis zu 10 Jahre \/ 250.000 KM der renomierten Meneks AG, by Autoconnect24 e.K. 96052 Bamberg\" \/>\n<meta name=\"robots\" content=\"index, follow, max-snippet:-1, max-image-preview:large, max-video-preview:-1\" \/>\n<link rel=\"canonical\" href=\"https:\/\/autoconnect24.de\/jahreswagen-gebrauchtwagen-neuwagen-tageszulassungen-leasingruecklaeufer-bamberg\/garantie-gebrauchtwagengarantie-neuwagenanschlussgarantie-neufahrzeuganschlussgarantie-jahreswagengarantie-herstellergarantie\/\" \/>\n<meta property=\"og:locale\" content=\"de_DE\" \/>\n<meta property=\"og:type\" content=\"article\" \/>\n<meta property=\"og:title\" content=\"Garantie f\u00fcr Gebrauchtwagen &amp; Neuwagenanschluss by Autoconnect24\" \/>\n<meta property=\"og:description\" content=\"Garantie f\u00fcr Jahreswagen, Tageszulassungen &amp; Gebrauchtwagen f\u00fcr bis zu 10 Jahre \/ 250.000 KM der renomierten Meneks AG, by Autoconnect24 e.K. 96052 Bamberg\" \/>\n<meta property=\"og:url\" content=\"https:\/\/autoconnect24.de\/jahreswagen-gebrauchtwagen-neuwagen-tageszulassungen-leasingruecklaeufer-bamberg\/garantie-gebrauchtwagengarantie-neuwagenanschlussgarantie-neufahrzeuganschlussgarantie-jahreswagengarantie-herstellergarantie\/\" \/>\n<meta property=\"og:site_name\" content=\"Autoconnect24 e.K. Die besseren Gebrauchtwagen\" \/>\n<meta property=\"article:publisher\" content=\"https:\/\/de-de.facebook.com\/bamberg.autoconnect24\/\" \/>\n<meta property=\"article:modified_time\" content=\"2020-03-04T11:43:16+00:00\" \/>\n<meta property=\"og:image\" content=\"http:\/\/www.meneks.de\/fileadmin\/_processed_\/csm_logo_10e4553caa.png\" \/>\n<meta name=\"twitter:label1\" content=\"Gesch\u00e4tzte Lesezeit\" \/>\n\t<meta name=\"twitter:data1\" content=\"2\u00a0Minuten\" \/>\n<script type=\"application\/ld+json\" class=\"yoast-schema-graph\">{\"@context\":\"https:\/\/schema.org\",\"@graph\":[{\"@type\":\"WebPage\",\"@id\":\"https:\/\/autoconnect24.de\/jahreswagen-gebrauchtwagen-neuwagen-tageszulassungen-leasingruecklaeufer-bamberg\/garantie-gebrauchtwagengarantie-neuwagenanschlussgarantie-neufahrzeuganschlussgarantie-jahreswagengarantie-herstellergarantie\/\",\"url\":\"https:\/\/autoconnect24.de\/jahreswagen-gebrauchtwagen-neuwagen-tageszulassungen-leasingruecklaeufer-bamberg\/garantie-gebrauchtwagengarantie-neuwagenanschlussgarantie-neufahrzeuganschlussgarantie-jahreswagengarantie-herstellergarantie\/\",\"name\":\"Garantie f\u00fcr Gebrauchtwagen & Neuwagenanschluss by Autoconnect24\",\"isPartOf\":{\"@id\":\"https:\/\/autoconnect24.de\/jahreswagen-gebrauchtwagen-neuwagen-tageszulassungen-leasingruecklaeufer-bamberg\/#website\"},\"datePublished\":\"2014-02-26T16:34:25+00:00\",\"dateModified\":\"2020-03-04T11:43:16+00:00\",\"description\":\"Garantie f\u00fcr Jahreswagen, Tageszulassungen & Gebrauchtwagen f\u00fcr bis zu 10 Jahre \/ 250.000 KM der renomierten Meneks AG, by Autoconnect24 e.K. 96052 Bamberg\",\"inLanguage\":\"de\",\"potentialAction\":[{\"@type\":\"ReadAction\",\"target\":[\"https:\/\/autoconnect24.de\/jahreswagen-gebrauchtwagen-neuwagen-tageszulassungen-leasingruecklaeufer-bamberg\/garantie-gebrauchtwagengarantie-neuwagenanschlussgarantie-neufahrzeuganschlussgarantie-jahreswagengarantie-herstellergarantie\/\"]}]},{\"@type\":\"WebSite\",\"@id\":\"https:\/\/autoconnect24.de\/jahreswagen-gebrauchtwagen-neuwagen-tageszulassungen-leasingruecklaeufer-bamberg\/#website\",\"url\":\"https:\/\/autoconnect24.de\/jahreswagen-gebrauchtwagen-neuwagen-tageszulassungen-leasingruecklaeufer-bamberg\/\",\"name\":\"Autoconnect24 e.K. Die besseren Gebrauchtwagen\",\"description\":\"Gepflegte Jahreswagen, Jungwagen, Gebrauchtwagen &amp; Neuwagen mit Tageszulassung zu erstklassigen 1A Konditionen in Bamberg\",\"publisher\":{\"@id\":\"https:\/\/autoconnect24.de\/jahreswagen-gebrauchtwagen-neuwagen-tageszulassungen-leasingruecklaeufer-bamberg\/#organization\"},\"potentialAction\":[{\"@type\":\"SearchAction\",\"target\":{\"@type\":\"EntryPoint\",\"urlTemplate\":\"https:\/\/autoconnect24.de\/jahreswagen-gebrauchtwagen-neuwagen-tageszulassungen-leasingruecklaeufer-bamberg\/?s={search_term_string}\"},\"query-input\":\"required name=search_term_string\"}],\"inLanguage\":\"de\"},{\"@type\":\"Organization\",\"@id\":\"https:\/\/autoconnect24.de\/jahreswagen-gebrauchtwagen-neuwagen-tageszulassungen-leasingruecklaeufer-bamberg\/#organization\",\"name\":\"Autoconnect24 e.K.\",\"url\":\"https:\/\/autoconnect24.de\/jahreswagen-gebrauchtwagen-neuwagen-tageszulassungen-leasingruecklaeufer-bamberg\/\",\"logo\":{\"@type\":\"ImageObject\",\"inLanguage\":\"de\",\"@id\":\"https:\/\/autoconnect24.de\/jahreswagen-gebrauchtwagen-neuwagen-tageszulassungen-leasingruecklaeufer-bamberg\/#\/schema\/logo\/image\/\",\"url\":\"https:\/\/autoconnect24.de\/wp-content\/uploads\/2014\/02\/ACN24BVfKLogo.jpg\",\"contentUrl\":\"https:\/\/autoconnect24.de\/wp-content\/uploads\/2014\/02\/ACN24BVfKLogo.jpg\",\"width\":757,\"height\":168,\"caption\":\"Autoconnect24 e.K.\"},\"image\":{\"@id\":\"https:\/\/autoconnect24.de\/jahreswagen-gebrauchtwagen-neuwagen-tageszulassungen-leasingruecklaeufer-bamberg\/#\/schema\/logo\/image\/\"},\"sameAs\":[\"https:\/\/de-de.facebook.com\/bamberg.autoconnect24\/\"]}]}<\/script>\n<!-- \/ Yoast SEO plugin. -->","yoast_head_json":{"title":"Garantie f\u00fcr Gebrauchtwagen & Neuwagenanschluss by Autoconnect24","description":"Garantie f\u00fcr Jahreswagen, Tageszulassungen & Gebrauchtwagen f\u00fcr bis zu 10 Jahre \/ 250.000 KM der renomierten Meneks AG, by Autoconnect24 e.K. 96052 Bamberg","robots":{"index":"index","follow":"follow","max-snippet":"max-snippet:-1","max-image-preview":"max-image-preview:large","max-video-preview":"max-video-preview:-1"},"canonical":"https:\/\/autoconnect24.de\/jahreswagen-gebrauchtwagen-neuwagen-tageszulassungen-leasingruecklaeufer-bamberg\/garantie-gebrauchtwagengarantie-neuwagenanschlussgarantie-neufahrzeuganschlussgarantie-jahreswagengarantie-herstellergarantie\/","og_locale":"de_DE","og_type":"article","og_title":"Garantie f\u00fcr Gebrauchtwagen & Neuwagenanschluss by Autoconnect24","og_description":"Garantie f\u00fcr Jahreswagen, Tageszulassungen & Gebrauchtwagen f\u00fcr bis zu 10 Jahre \/ 250.000 KM der renomierten Meneks AG, by Autoconnect24 e.K. 96052 Bamberg","og_url":"https:\/\/autoconnect24.de\/jahreswagen-gebrauchtwagen-neuwagen-tageszulassungen-leasingruecklaeufer-bamberg\/garantie-gebrauchtwagengarantie-neuwagenanschlussgarantie-neufahrzeuganschlussgarantie-jahreswagengarantie-herstellergarantie\/","og_site_name":"Autoconnect24 e.K. Die besseren Gebrauchtwagen","article_publisher":"https:\/\/de-de.facebook.com\/bamberg.autoconnect24\/","article_modified_time":"2020-03-04T11:43:16+00:00","og_image":[{"url":"http:\/\/www.meneks.de\/fileadmin\/_processed_\/csm_logo_10e4553caa.png"}],"twitter_misc":{"Gesch\u00e4tzte Lesezeit":"2\u00a0Minuten"},"schema":{"@context":"https:\/\/schema.org","@graph":[{"@type":"WebPage","@id":"https:\/\/autoconnect24.de\/jahreswagen-gebrauchtwagen-neuwagen-tageszulassungen-leasingruecklaeufer-bamberg\/garantie-gebrauchtwagengarantie-neuwagenanschlussgarantie-neufahrzeuganschlussgarantie-jahreswagengarantie-herstellergarantie\/","url":"https:\/\/autoconnect24.de\/jahreswagen-gebrauchtwagen-neuwagen-tageszulassungen-leasingruecklaeufer-bamberg\/garantie-gebrauchtwagengarantie-neuwagenanschlussgarantie-neufahrzeuganschlussgarantie-jahreswagengarantie-herstellergarantie\/","name":"Garantie f\u00fcr Gebrauchtwagen & Neuwagenanschluss by Autoconnect24","isPartOf":{"@id":"https:\/\/autoconnect24.de\/jahreswagen-gebrauchtwagen-neuwagen-tageszulassungen-leasingruecklaeufer-bamberg\/#website"},"datePublished":"2014-02-26T16:34:25+00:00","dateModified":"2020-03-04T11:43:16+00:00","description":"Garantie f\u00fcr Jahreswagen, Tageszulassungen & Gebrauchtwagen f\u00fcr bis zu 10 Jahre \/ 250.000 KM der renomierten Meneks AG, by Autoconnect24 e.K. 96052 Bamberg","inLanguage":"de","potentialAction":[{"@type":"ReadAction","target":["https:\/\/autoconnect24.de\/jahreswagen-gebrauchtwagen-neuwagen-tageszulassungen-leasingruecklaeufer-bamberg\/garantie-gebrauchtwagengarantie-neuwagenanschlussgarantie-neufahrzeuganschlussgarantie-jahreswagengarantie-herstellergarantie\/"]}]},{"@type":"WebSite","@id":"https:\/\/autoconnect24.de\/jahreswagen-gebrauchtwagen-neuwagen-tageszulassungen-leasingruecklaeufer-bamberg\/#website","url":"https:\/\/autoconnect24.de\/jahreswagen-gebrauchtwagen-neuwagen-tageszulassungen-leasingruecklaeufer-bamberg\/","name":"Autoconnect24 e.K. Die besseren Gebrauchtwagen","description":"Gepflegte Jahreswagen, Jungwagen, Gebrauchtwagen &amp; Neuwagen mit Tageszulassung zu erstklassigen 1A Konditionen in Bamberg","publisher":{"@id":"https:\/\/autoconnect24.de\/jahreswagen-gebrauchtwagen-neuwagen-tageszulassungen-leasingruecklaeufer-bamberg\/#organization"},"potentialAction":[{"@type":"SearchAction","target":{"@type":"EntryPoint","urlTemplate":"https:\/\/autoconnect24.de\/jahreswagen-gebrauchtwagen-neuwagen-tageszulassungen-leasingruecklaeufer-bamberg\/?s={search_term_string}"},"query-input":"required name=search_term_string"}],"inLanguage":"de"},{"@type":"Organization","@id":"https:\/\/autoconnect24.de\/jahreswagen-gebrauchtwagen-neuwagen-tageszulassungen-leasingruecklaeufer-bamberg\/#organization","name":"Autoconnect24 e.K.","url":"https:\/\/autoconnect24.de\/jahreswagen-gebrauchtwagen-neuwagen-tageszulassungen-leasingruecklaeufer-bamberg\/","logo":{"@type":"ImageObject","inLanguage":"de","@id":"https:\/\/autoconnect24.de\/jahreswagen-gebrauchtwagen-neuwagen-tageszulassungen-leasingruecklaeufer-bamberg\/#\/schema\/logo\/image\/","url":"https:\/\/autoconnect24.de\/wp-content\/uploads\/2014\/02\/ACN24BVfKLogo.jpg","contentUrl":"https:\/\/autoconnect24.de\/wp-content\/uploads\/2014\/02\/ACN24BVfKLogo.jpg","width":757,"height":168,"caption":"Autoconnect24 e.K."},"image":{"@id":"https:\/\/autoconnect24.de\/jahreswagen-gebrauchtwagen-neuwagen-tageszulassungen-leasingruecklaeufer-bamberg\/#\/schema\/logo\/image\/"},"sameAs":["https:\/\/de-de.facebook.com\/bamberg.autoconnect24\/"]}]}},"_links":{"self":[{"href":"https:\/\/autoconnect24.de\/jahreswagen-gebrauchtwagen-neuwagen-tageszulassungen-leasingruecklaeufer-bamberg\/wp-json\/wp\/v2\/pages\/19"}],"collection":[{"href":"https:\/\/autoconnect24.de\/jahreswagen-gebrauchtwagen-neuwagen-tageszulassungen-leasingruecklaeufer-bamberg\/wp-json\/wp\/v2\/pages"}],"about":[{"href":"https:\/\/autoconnect24.de\/jahreswagen-gebrauchtwagen-neuwagen-tageszulassungen-leasingruecklaeufer-bamberg\/wp-json\/wp\/v2\/types\/page"}],"author":[{"embeddable":true,"href":"https:\/\/autoconnect24.de\/jahreswagen-gebrauchtwagen-neuwagen-tageszulassungen-leasingruecklaeufer-bamberg\/wp-json\/wp\/v2\/users\/1"}],"replies":[{"embeddable":true,"href":"https:\/\/autoconnect24.de\/jahreswagen-gebrauchtwagen-neuwagen-tageszulassungen-leasingruecklaeufer-bamberg\/wp-json\/wp\/v2\/comments?post=19"}],"version-history":[{"count":64,"href":"https:\/\/autoconnect24.de\/jahreswagen-gebrauchtwagen-neuwagen-tageszulassungen-leasingruecklaeufer-bamberg\/wp-json\/wp\/v2\/pages\/19\/revisions"}],"predecessor-version":[{"id":2435,"href":"https:\/\/autoconnect24.de\/jahreswagen-gebrauchtwagen-neuwagen-tageszulassungen-leasingruecklaeufer-bamberg\/wp-json\/wp\/v2\/pages\/19\/revisions\/2435"}],"wp:attachment":[{"href":"https:\/\/autoconnect24.de\/jahreswagen-gebrauchtwagen-neuwagen-tageszulassungen-leasingruecklaeufer-bamberg\/wp-json\/wp\/v2\/media?parent=19"}],"curies":[{"name":"wp","href":"https:\/\/api.w.org\/{rel}","templated":true}]}}