{"id":35,"date":"2014-02-26T18:43:15","date_gmt":"2014-02-26T16:43:15","guid":{"rendered":"http:\/\/homepage.autoconnect24.de\/?page_id=35"},"modified":"2022-01-24T22:15:22","modified_gmt":"2022-01-24T20:15:22","slug":"service","status":"publish","type":"page","link":"https:\/\/autoconnect24.de\/jahreswagen-gebrauchtwagen-neuwagen-tageszulassungen-leasingruecklaeufer-bamberg\/service\/","title":{"rendered":"Service"},"content":{"rendered":"<h2 id=\"google_translate_element\"><span style=\"color: #ffffff;\"><span style=\"font-size: 8px;\">Leasingr\u00fcckl\u00e4ufer<\/span><\/span><\/h2>\n<p><script type=\"text\/javascript\">\nfunction googleTranslateElementInit() {\n  new google.translate.TranslateElement({pageLanguage: 'de', layout: google.translate.TranslateElement.InlineLayout.SIMPLE}, 'google_translate_element');\n}\n<\/script><div class=\"BorlabsCookie _brlbs-cb-googletranslate\"><div class=\"_brlbs-content-blocker\"> <div class=\"_brlbs-default\"> <p>Klicken Sie auf den unteren Button, um den Inhalt von Google Translate zu laden.<\/p> <p><a class=\"_brlbs-btn\" href=\"#\" data-borlabs-cookie-unblock role=\"button\">Inhalt laden<\/a><\/p> <\/div> <\/div><div class=\"borlabs-hide\" data-borlabs-cookie-type=\"content-blocker\" data-borlabs-cookie-id=\"googletranslate\"><script type=\"text\/template\">PHNjcmlwdCB0eXBlPSJ0ZXh0L2phdmFzY3JpcHQiIHNyYz0iLy90cmFuc2xhdGUuZ29vZ2xlLmNvbS90cmFuc2xhdGVfYS9lbGVtZW50LmpzP2NiPWdvb2dsZVRyYW5zbGF0ZUVsZW1lbnRJbml0Ij48L3NjcmlwdD4=<\/script><\/div><\/div><\/p>\n<h3><u>Unser umfangreicher Service f\u00fcr zufriedene Kunden:<\/u><\/h3>\n<ul>\n<li>Bis zu 10 Jahre \/ 250.000 KM Meneks AG Select Garantie f\u00fcr unsere Jahreswagen, Tageszulassungen, Leasingr\u00fcckl\u00e4ufer und Gebrauchtwagen<\/li>\n<li>G\u00fcnstige Jahreswagen, Tageszulassungen, Jungwagen, Leasingr\u00fcckl\u00e4ufer &amp; Gebrauchtwagen<\/li>\n<li>Gebrauchtwageninzahlungnahme<\/li>\n<li>Finanzierung<\/li>\n<li>Leasing<\/li>\n<li>Smartrepair<\/li>\n<li>\n<div>Reifen<\/div>\n<\/li>\n<li>\n<div>Professionelle PKW-Aufbereitung<\/div>\n<\/li>\n<\/ul>\n<div><u>Copyright<\/u><\/div>\n<div style=\"color: white; font-size: 0.8em;\"><span style=\"color: #000000;\">Copyright \u00a9 2026 Autoconnect24 e.K. in Bamberg<\/span><\/div>\n<div style=\"color: white; font-size: 0.8em;\"><span style=\"color: #000000;\">All rights reserved.<\/span><\/div>\n","protected":false},"excerpt":{"rendered":"<p>Leasingr\u00fcckl\u00e4ufer Unser umfangreicher Service f\u00fcr zufriedene Kunden: Bis zu 10 Jahre \/ 250.000 KM Meneks AG Select Garantie f\u00fcr unsere Jahreswagen, Tageszulassungen, Leasingr\u00fcckl\u00e4ufer und Gebrauchtwagen G\u00fcnstige Jahreswagen, Tageszulassungen, Jungwagen, Leasingr\u00fcckl\u00e4ufer &amp; Gebrauchtwagen Gebrauchtwageninzahlungnahme Finanzierung Leasing Smartrepair Reifen Professionelle PKW-Aufbereitung Copyright Copyright \u00a9 Autoconnect24 e.K. in Bamberg All rights reserved.<\/p>\n","protected":false},"author":1,"featured_media":0,"parent":0,"menu_order":0,"comment_status":"closed","ping_status":"open","template":"","meta":[],"yoast_head":"<!-- This site is optimized with the Yoast SEO plugin v20.9 - https:\/\/yoast.com\/wordpress\/plugins\/seo\/ -->\n<title>Leasingr\u00fcckl\u00e4ufer, Jahreswagen &amp; Gebrauchtwagen mit Service in BA<\/title>\n<meta name=\"description\" content=\"Service rund ums Auto in Bamberg. KFZ- Finanzierung, Leasing, KFZ-Aufbereitung, Zulassungsdienst. G\u00fcnstige Jahreswagen, Leasingr\u00fcckl\u00e4ufer &amp; Gebrauchtwagen.\" \/>\n<meta name=\"robots\" content=\"index, follow, max-snippet:-1, max-image-preview:large, max-video-preview:-1\" \/>\n<link rel=\"canonical\" href=\"https:\/\/autoconnect24.de\/jahreswagen-gebrauchtwagen-neuwagen-tageszulassungen-leasingruecklaeufer-bamberg\/service\/\" \/>\n<meta property=\"og:locale\" content=\"de_DE\" \/>\n<meta property=\"og:type\" content=\"article\" \/>\n<meta property=\"og:title\" content=\"Leasingr\u00fcckl\u00e4ufer, Jahreswagen &amp; Gebrauchtwagen mit Service in BA\" \/>\n<meta property=\"og:description\" content=\"Service rund ums Auto in Bamberg. KFZ- Finanzierung, Leasing, KFZ-Aufbereitung, Zulassungsdienst. G\u00fcnstige Jahreswagen, Leasingr\u00fcckl\u00e4ufer &amp; Gebrauchtwagen.\" \/>\n<meta property=\"og:url\" content=\"https:\/\/autoconnect24.de\/jahreswagen-gebrauchtwagen-neuwagen-tageszulassungen-leasingruecklaeufer-bamberg\/service\/\" \/>\n<meta property=\"og:site_name\" content=\"Autoconnect24 e.K. Die besseren Gebrauchtwagen\" \/>\n<meta property=\"article:publisher\" content=\"https:\/\/de-de.facebook.com\/bamberg.autoconnect24\/\" \/>\n<meta property=\"article:modified_time\" content=\"2022-01-24T20:15:22+00:00\" \/>\n<script type=\"application\/ld+json\" class=\"yoast-schema-graph\">{\"@context\":\"https:\/\/schema.org\",\"@graph\":[{\"@type\":\"WebPage\",\"@id\":\"https:\/\/autoconnect24.de\/jahreswagen-gebrauchtwagen-neuwagen-tageszulassungen-leasingruecklaeufer-bamberg\/service\/\",\"url\":\"https:\/\/autoconnect24.de\/jahreswagen-gebrauchtwagen-neuwagen-tageszulassungen-leasingruecklaeufer-bamberg\/service\/\",\"name\":\"Leasingr\u00fcckl\u00e4ufer, Jahreswagen & Gebrauchtwagen mit Service in BA\",\"isPartOf\":{\"@id\":\"https:\/\/autoconnect24.de\/jahreswagen-gebrauchtwagen-neuwagen-tageszulassungen-leasingruecklaeufer-bamberg\/#website\"},\"datePublished\":\"2014-02-26T16:43:15+00:00\",\"dateModified\":\"2022-01-24T20:15:22+00:00\",\"description\":\"Service rund ums Auto in Bamberg. KFZ- Finanzierung, Leasing, KFZ-Aufbereitung, Zulassungsdienst. G\u00fcnstige Jahreswagen, Leasingr\u00fcckl\u00e4ufer & Gebrauchtwagen.\",\"inLanguage\":\"de\",\"potentialAction\":[{\"@type\":\"ReadAction\",\"target\":[\"https:\/\/autoconnect24.de\/jahreswagen-gebrauchtwagen-neuwagen-tageszulassungen-leasingruecklaeufer-bamberg\/service\/\"]}]},{\"@type\":\"WebSite\",\"@id\":\"https:\/\/autoconnect24.de\/jahreswagen-gebrauchtwagen-neuwagen-tageszulassungen-leasingruecklaeufer-bamberg\/#website\",\"url\":\"https:\/\/autoconnect24.de\/jahreswagen-gebrauchtwagen-neuwagen-tageszulassungen-leasingruecklaeufer-bamberg\/\",\"name\":\"Autoconnect24 e.K. Die besseren Gebrauchtwagen\",\"description\":\"Gepflegte Jahreswagen, Jungwagen, Gebrauchtwagen &amp; Neuwagen mit Tageszulassung zu erstklassigen 1A Konditionen in Bamberg\",\"publisher\":{\"@id\":\"https:\/\/autoconnect24.de\/jahreswagen-gebrauchtwagen-neuwagen-tageszulassungen-leasingruecklaeufer-bamberg\/#organization\"},\"potentialAction\":[{\"@type\":\"SearchAction\",\"target\":{\"@type\":\"EntryPoint\",\"urlTemplate\":\"https:\/\/autoconnect24.de\/jahreswagen-gebrauchtwagen-neuwagen-tageszulassungen-leasingruecklaeufer-bamberg\/?s={search_term_string}\"},\"query-input\":\"required name=search_term_string\"}],\"inLanguage\":\"de\"},{\"@type\":\"Organization\",\"@id\":\"https:\/\/autoconnect24.de\/jahreswagen-gebrauchtwagen-neuwagen-tageszulassungen-leasingruecklaeufer-bamberg\/#organization\",\"name\":\"Autoconnect24 e.K.\",\"url\":\"https:\/\/autoconnect24.de\/jahreswagen-gebrauchtwagen-neuwagen-tageszulassungen-leasingruecklaeufer-bamberg\/\",\"logo\":{\"@type\":\"ImageObject\",\"inLanguage\":\"de\",\"@id\":\"https:\/\/autoconnect24.de\/jahreswagen-gebrauchtwagen-neuwagen-tageszulassungen-leasingruecklaeufer-bamberg\/#\/schema\/logo\/image\/\",\"url\":\"https:\/\/autoconnect24.de\/wp-content\/uploads\/2014\/02\/ACN24BVfKLogo.jpg\",\"contentUrl\":\"https:\/\/autoconnect24.de\/wp-content\/uploads\/2014\/02\/ACN24BVfKLogo.jpg\",\"width\":757,\"height\":168,\"caption\":\"Autoconnect24 e.K.\"},\"image\":{\"@id\":\"https:\/\/autoconnect24.de\/jahreswagen-gebrauchtwagen-neuwagen-tageszulassungen-leasingruecklaeufer-bamberg\/#\/schema\/logo\/image\/\"},\"sameAs\":[\"https:\/\/de-de.facebook.com\/bamberg.autoconnect24\/\"]}]}<\/script>\n<!-- \/ Yoast SEO plugin. -->","yoast_head_json":{"title":"Leasingr\u00fcckl\u00e4ufer, Jahreswagen & Gebrauchtwagen mit Service in BA","description":"Service rund ums Auto in Bamberg. KFZ- Finanzierung, Leasing, KFZ-Aufbereitung, Zulassungsdienst. G\u00fcnstige Jahreswagen, Leasingr\u00fcckl\u00e4ufer & Gebrauchtwagen.","robots":{"index":"index","follow":"follow","max-snippet":"max-snippet:-1","max-image-preview":"max-image-preview:large","max-video-preview":"max-video-preview:-1"},"canonical":"https:\/\/autoconnect24.de\/jahreswagen-gebrauchtwagen-neuwagen-tageszulassungen-leasingruecklaeufer-bamberg\/service\/","og_locale":"de_DE","og_type":"article","og_title":"Leasingr\u00fcckl\u00e4ufer, Jahreswagen & Gebrauchtwagen mit Service in BA","og_description":"Service rund ums Auto in Bamberg. KFZ- Finanzierung, Leasing, KFZ-Aufbereitung, Zulassungsdienst. G\u00fcnstige Jahreswagen, Leasingr\u00fcckl\u00e4ufer & Gebrauchtwagen.","og_url":"https:\/\/autoconnect24.de\/jahreswagen-gebrauchtwagen-neuwagen-tageszulassungen-leasingruecklaeufer-bamberg\/service\/","og_site_name":"Autoconnect24 e.K. Die besseren Gebrauchtwagen","article_publisher":"https:\/\/de-de.facebook.com\/bamberg.autoconnect24\/","article_modified_time":"2022-01-24T20:15:22+00:00","schema":{"@context":"https:\/\/schema.org","@graph":[{"@type":"WebPage","@id":"https:\/\/autoconnect24.de\/jahreswagen-gebrauchtwagen-neuwagen-tageszulassungen-leasingruecklaeufer-bamberg\/service\/","url":"https:\/\/autoconnect24.de\/jahreswagen-gebrauchtwagen-neuwagen-tageszulassungen-leasingruecklaeufer-bamberg\/service\/","name":"Leasingr\u00fcckl\u00e4ufer, Jahreswagen & Gebrauchtwagen mit Service in BA","isPartOf":{"@id":"https:\/\/autoconnect24.de\/jahreswagen-gebrauchtwagen-neuwagen-tageszulassungen-leasingruecklaeufer-bamberg\/#website"},"datePublished":"2014-02-26T16:43:15+00:00","dateModified":"2022-01-24T20:15:22+00:00","description":"Service rund ums Auto in Bamberg. KFZ- Finanzierung, Leasing, KFZ-Aufbereitung, Zulassungsdienst. G\u00fcnstige Jahreswagen, Leasingr\u00fcckl\u00e4ufer & Gebrauchtwagen.","inLanguage":"de","potentialAction":[{"@type":"ReadAction","target":["https:\/\/autoconnect24.de\/jahreswagen-gebrauchtwagen-neuwagen-tageszulassungen-leasingruecklaeufer-bamberg\/service\/"]}]},{"@type":"WebSite","@id":"https:\/\/autoconnect24.de\/jahreswagen-gebrauchtwagen-neuwagen-tageszulassungen-leasingruecklaeufer-bamberg\/#website","url":"https:\/\/autoconnect24.de\/jahreswagen-gebrauchtwagen-neuwagen-tageszulassungen-leasingruecklaeufer-bamberg\/","name":"Autoconnect24 e.K. Die besseren Gebrauchtwagen","description":"Gepflegte Jahreswagen, Jungwagen, Gebrauchtwagen &amp; Neuwagen mit Tageszulassung zu erstklassigen 1A Konditionen in Bamberg","publisher":{"@id":"https:\/\/autoconnect24.de\/jahreswagen-gebrauchtwagen-neuwagen-tageszulassungen-leasingruecklaeufer-bamberg\/#organization"},"potentialAction":[{"@type":"SearchAction","target":{"@type":"EntryPoint","urlTemplate":"https:\/\/autoconnect24.de\/jahreswagen-gebrauchtwagen-neuwagen-tageszulassungen-leasingruecklaeufer-bamberg\/?s={search_term_string}"},"query-input":"required name=search_term_string"}],"inLanguage":"de"},{"@type":"Organization","@id":"https:\/\/autoconnect24.de\/jahreswagen-gebrauchtwagen-neuwagen-tageszulassungen-leasingruecklaeufer-bamberg\/#organization","name":"Autoconnect24 e.K.","url":"https:\/\/autoconnect24.de\/jahreswagen-gebrauchtwagen-neuwagen-tageszulassungen-leasingruecklaeufer-bamberg\/","logo":{"@type":"ImageObject","inLanguage":"de","@id":"https:\/\/autoconnect24.de\/jahreswagen-gebrauchtwagen-neuwagen-tageszulassungen-leasingruecklaeufer-bamberg\/#\/schema\/logo\/image\/","url":"https:\/\/autoconnect24.de\/wp-content\/uploads\/2014\/02\/ACN24BVfKLogo.jpg","contentUrl":"https:\/\/autoconnect24.de\/wp-content\/uploads\/2014\/02\/ACN24BVfKLogo.jpg","width":757,"height":168,"caption":"Autoconnect24 e.K."},"image":{"@id":"https:\/\/autoconnect24.de\/jahreswagen-gebrauchtwagen-neuwagen-tageszulassungen-leasingruecklaeufer-bamberg\/#\/schema\/logo\/image\/"},"sameAs":["https:\/\/de-de.facebook.com\/bamberg.autoconnect24\/"]}]}},"_links":{"self":[{"href":"https:\/\/autoconnect24.de\/jahreswagen-gebrauchtwagen-neuwagen-tageszulassungen-leasingruecklaeufer-bamberg\/wp-json\/wp\/v2\/pages\/35"}],"collection":[{"href":"https:\/\/autoconnect24.de\/jahreswagen-gebrauchtwagen-neuwagen-tageszulassungen-leasingruecklaeufer-bamberg\/wp-json\/wp\/v2\/pages"}],"about":[{"href":"https:\/\/autoconnect24.de\/jahreswagen-gebrauchtwagen-neuwagen-tageszulassungen-leasingruecklaeufer-bamberg\/wp-json\/wp\/v2\/types\/page"}],"author":[{"embeddable":true,"href":"https:\/\/autoconnect24.de\/jahreswagen-gebrauchtwagen-neuwagen-tageszulassungen-leasingruecklaeufer-bamberg\/wp-json\/wp\/v2\/users\/1"}],"replies":[{"embeddable":true,"href":"https:\/\/autoconnect24.de\/jahreswagen-gebrauchtwagen-neuwagen-tageszulassungen-leasingruecklaeufer-bamberg\/wp-json\/wp\/v2\/comments?post=35"}],"version-history":[{"count":54,"href":"https:\/\/autoconnect24.de\/jahreswagen-gebrauchtwagen-neuwagen-tageszulassungen-leasingruecklaeufer-bamberg\/wp-json\/wp\/v2\/pages\/35\/revisions"}],"predecessor-version":[{"id":3200,"href":"https:\/\/autoconnect24.de\/jahreswagen-gebrauchtwagen-neuwagen-tageszulassungen-leasingruecklaeufer-bamberg\/wp-json\/wp\/v2\/pages\/35\/revisions\/3200"}],"wp:attachment":[{"href":"https:\/\/autoconnect24.de\/jahreswagen-gebrauchtwagen-neuwagen-tageszulassungen-leasingruecklaeufer-bamberg\/wp-json\/wp\/v2\/media?parent=35"}],"curies":[{"name":"wp","href":"https:\/\/api.w.org\/{rel}","templated":true}]}}