{"id":7,"date":"2014-02-26T18:22:02","date_gmt":"2014-02-26T16:22:02","guid":{"rendered":"http:\/\/homepage.autoconnect24.de\/?page_id=7"},"modified":"2026-01-24T18:56:47","modified_gmt":"2026-01-24T16:56:47","slug":"fahrzeugangebote","status":"publish","type":"page","link":"https:\/\/autoconnect24.de\/jahreswagen-gebrauchtwagen-neuwagen-tageszulassungen-leasingruecklaeufer-bamberg\/fahrzeugangebote\/","title":{"rendered":"Fahrzeugangebote"},"content":{"rendered":"<p><script type=\"text\/javascript\">\nfunction googleTranslateElementInit() {\n  new google.translate.TranslateElement({pageLanguage: 'de', layout: google.translate.TranslateElement.InlineLayout.SIMPLE}, 'google_translate_element');\n}\n<\/script><script type=\"text\/javascript\" src=\"\/\/translate.google.com\/translate_a\/element.js?cb=googleTranslateElementInit\"><\/script><\/p>\n<p>Sie wollen einen Gebrauchtwagen kaufen oder sind auf der Suche nach einem Jahreswagen oder Neuwagen mit Tageszulassung? In unserem Autohandel in Bamberg bieten wir Ihnen eine gro\u00dfe Auswahl an Autos zu Top-Konditionen. Viele unserer gebrauchten Autos, die wir zum Verkauf anbieten, unterliegen noch der Herstellergarantie. Selbstverst\u00e4ndlich gilt f\u00fcr alle unserer angebotenen Fahrzeuge die gesetzliche Gew\u00e4hrleistung von 12 Monaten. Als freier H\u00e4ndler bieten wir Ihnen Fahrzeuge verschiedener Hersteller an, beispielsweise: Abarth, Alfa Romeo, Audi, BMW, Ford, Jeep, Mercedes Benz, Nissan, Opel, Renault, Seat, Volvo, VW, Fiat oder Skoda.<\/p>\n<p>&nbsp;<\/p>\n<div class=\"BorlabsCookie _brlbs-cb-default\"><div class=\"_brlbs-content-blocker\"> <div class=\"_brlbs-default\"> <p>Klicken Sie auf den unteren Button, um den Inhalt von home.webmobil24.com zu laden.<\/p> <p><a class=\"_brlbs-btn\" href=\"#\" data-borlabs-cookie-unblock role=\"button\">Inhalt laden<\/a><\/p> <\/div> <\/div><div class=\"borlabs-hide\" data-borlabs-cookie-type=\"content-blocker\" data-borlabs-cookie-id=\"default\"><script type=\"text\/template\">PHA+PGlmcmFtZSBsb2FkaW5nPSJsYXp5IiBzcmM9Imh0dHBzOi8vaG9tZS53ZWJtb2JpbDI0LmNvbS9hdXRvY29ubmVjdDI0IiB3aWR0aD0iMTM1MCIgaGVpZ2h0PSI0MzAwIiBmcmFtZWJvcmRlcj0iMCI+PC9pZnJhbWU+PC9wPg==<\/script><\/div><\/div>\n<p>Alle eingehenden Fahrzeuge werden bei uns auf Herz und Nieren gepr\u00fcft. Sie erhalten ausschlie\u00dflich gepflegte Gebrauchtwagen in gutem Zustand. Dar\u00fcber hinaus erhalten Sie bei uns kompetente und pers\u00f6nliche Beratung. Denn f\u00fcr uns gilt: Ihre Zufriedenheit ist unser oberstes Gebot.<\/p>\n<p>Deshalb: Wenn Sie einen Gebrauchtwagen, Jahreswagen, Jungwagen oder einen Neuwagen mit Tageszulassung in und um Bamberg suchen, sind Sie bei Autoconnect24 e.K. genau richtig.<\/p>\n<p>Wir freuen uns auf Ihren Besuch.<\/p>\n<div class=\"BorlabsCookie _brlbs-cb-googlemaps\"><div class=\"_brlbs-content-blocker\"> <div class=\"_brlbs-embed _brlbs-google-maps\"> <img class=\"_brlbs-thumbnail\" src=\"https:\/\/autoconnect24.de\/wp-content\/plugins\/borlabs-cookie\/assets\/images\/cb-maps.png\" alt=\"Google Maps\"> <div class=\"_brlbs-caption\"> <p>Mit dem Laden der Karte akzeptieren Sie die Datenschutzerkl\u00e4rung von Google.<br><a href=\"https:\/\/policies.google.com\/privacy\" target=\"_blank\" rel=\"nofollow noopener noreferrer\">Mehr erfahren<\/a><\/p> <p><a class=\"_brlbs-btn\" href=\"#\" data-borlabs-cookie-unblock role=\"button\">Karte laden<\/a><\/p> <p><label><input type=\"checkbox\" name=\"unblockAll\" value=\"1\" checked> <small>Google Maps immer entsperren<\/small><\/label><\/p> <\/div> <\/div> <\/div><div class=\"borlabs-hide\" data-borlabs-cookie-type=\"content-blocker\" data-borlabs-cookie-id=\"googlemaps\"><script type=\"text\/template\">PHA+PGlmcmFtZSBsb2FkaW5nPSJsYXp5IiBzdHlsZT0iYm9yZGVyOiAwOyIgc3JjPSJodHRwczovL3d3dy5nb29nbGUuY29tL21hcHMvZW1iZWQ\/cGI9ITFtMTghMW0xMiExbTMhMWQxMDI3Ni4zNjU3MDIyOTM3NTkhMmQxMC44OTg4NDE3MTI2NDE2ODMhM2Q0OS45MTU4NTg4OTY4MTc0NSEybTMhMWYwITJmMCEzZjAhM20yITFpMTAyNCEyaTc2OCE0ZjEzLjEhM20zITFtMiExczB4MCUzQTB4ZmIxMTc3YjliNTZjZmVmYSEyc0F1dG9jb25uZWN0MjQlMjBlLksuITVlMCEzbTIhMXNkZSEyc2RlITR2MTYyOTI3NjE1NDgwMyE1bTIhMXNkZSEyc2RlIiB3aWR0aD0iNjAwIiBoZWlnaHQ9IjQ1MCIgYWxsb3dmdWxsc2NyZWVuPSJhbGxvd2Z1bGxzY3JlZW4iPjwvaWZyYW1lPjwvcD4=<\/script><\/div><\/div>\n<h6><a href=\"https:\/\/a.partner-versicherung.de\/click.php?partner_id=90100&amp;ad_id=442&amp;deep=kfz-versicherung\" target=\"_blank\" rel=\"noopener noreferrer\"><img decoding=\"async\" src=\"https:\/\/a.partner-versicherung.de\/view.php?partner_id=90100&amp;ad_id=442\" \/><\/a><\/h6>\n<div><u>Copyright<\/u><a title=\"\" href=\"https:\/\/autoconnect24.de\/jahreswagen-gebrauchtwagen-neuwagen-tageszulassungen-leasingruecklaeufer-bamberg\/\" target=\"\" rel=\"noopener noreferrer\"><img decoding=\"async\" loading=\"lazy\" class=\"size-full wp-image-41 alignright\" title=\"Jahreswagen, Tageszulassungen &amp; Gebrauchtwagen g&amp;uuml;nstig in Bamberg\" src=\"https:\/\/autoconnect24.de\/wp-content\/uploads\/2014\/02\/ACN24BVfKLogo.jpg\" alt=\"Autoconnect24 e.K. Jahreswagen, Tageszulassungen &amp; Gebrauchtwagen Bamberg g&amp;uuml;nstig\" width=\"176\" height=\"39\" srcset=\"https:\/\/autoconnect24.de\/wp-content\/uploads\/2014\/02\/ACN24BVfKLogo.jpg 757w, https:\/\/autoconnect24.de\/wp-content\/uploads\/2014\/02\/ACN24BVfKLogo-300x66.jpg 300w, https:\/\/autoconnect24.de\/wp-content\/uploads\/2014\/02\/ACN24BVfKLogo-624x138.jpg 624w\" sizes=\"(max-width: 176px) 85vw, 176px\" \/><\/a><\/div>\n<div style=\"color: white; font-size: 0.8em;\"><span style=\"color: #000000;\">Copyright \u00a9 2026 Autoconnect24 e.K. in Bamberg<\/span><\/div>\n<div style=\"color: white; font-size: 0.8em;\"><span style=\"color: #000000;\">All rights reserved.<\/span><\/div>\n","protected":false},"excerpt":{"rendered":"<p>Sie wollen einen Gebrauchtwagen kaufen oder sind auf der Suche nach einem Jahreswagen oder Neuwagen mit Tageszulassung? In unserem Autohandel in Bamberg bieten wir Ihnen eine gro\u00dfe Auswahl an Autos zu Top-Konditionen. Viele unserer gebrauchten Autos, die wir zum Verkauf anbieten, unterliegen noch der Herstellergarantie. Selbstverst\u00e4ndlich gilt f\u00fcr alle unserer angebotenen Fahrzeuge die gesetzliche Gew\u00e4hrleistung &hellip; <a href=\"https:\/\/autoconnect24.de\/jahreswagen-gebrauchtwagen-neuwagen-tageszulassungen-leasingruecklaeufer-bamberg\/fahrzeugangebote\/\" class=\"more-link\"><span class=\"screen-reader-text\">\u201eFahrzeugangebote\u201c<\/span> weiterlesen<\/a><\/p>\n","protected":false},"author":1,"featured_media":0,"parent":0,"menu_order":0,"comment_status":"closed","ping_status":"open","template":"","meta":[],"yoast_head":"<!-- This site is optimized with the Yoast SEO plugin v20.9 - https:\/\/yoast.com\/wordpress\/plugins\/seo\/ -->\n<title>Gebrauchtwagen Bamberg, Jahreswagen &amp; Tageszulassungen g\u00fcnstig<\/title>\n<meta name=\"description\" content=\"Autoconnect24 e.K. Bamberg, Gepr\u00fcfte Jahreswagen, Neuwagen mit Tageszulassung, Leasingr\u00fcckl\u00e4ufer &amp; Gebrauchtwagen Bamberg versch. Fabrikate, 1A Konditionen\" \/>\n<meta name=\"robots\" content=\"index, follow, max-snippet:-1, max-image-preview:large, max-video-preview:-1\" \/>\n<link rel=\"canonical\" href=\"https:\/\/autoconnect24.de\/jahreswagen-gebrauchtwagen-neuwagen-tageszulassungen-leasingruecklaeufer-bamberg\/fahrzeugangebote\/\" \/>\n<meta property=\"og:locale\" content=\"de_DE\" \/>\n<meta property=\"og:type\" content=\"article\" \/>\n<meta property=\"og:title\" content=\"Gebrauchtwagen Bamberg, Jahreswagen &amp; Tageszulassungen g\u00fcnstig\" \/>\n<meta property=\"og:description\" content=\"Autoconnect24 e.K. Bamberg, Gepr\u00fcfte Jahreswagen, Neuwagen mit Tageszulassung, Leasingr\u00fcckl\u00e4ufer &amp; Gebrauchtwagen Bamberg versch. Fabrikate, 1A Konditionen\" \/>\n<meta property=\"og:url\" content=\"https:\/\/autoconnect24.de\/jahreswagen-gebrauchtwagen-neuwagen-tageszulassungen-leasingruecklaeufer-bamberg\/fahrzeugangebote\/\" \/>\n<meta property=\"og:site_name\" content=\"Autoconnect24 e.K. Die besseren Gebrauchtwagen\" \/>\n<meta property=\"article:publisher\" content=\"https:\/\/de-de.facebook.com\/bamberg.autoconnect24\/\" \/>\n<meta property=\"article:modified_time\" content=\"2026-01-24T16:56:47+00:00\" \/>\n<meta property=\"og:image\" content=\"https:\/\/a.partner-versicherung.de\/view.php?partner_id=90100&amp;ad_id=442\" \/>\n<meta name=\"twitter:label1\" content=\"Gesch\u00e4tzte Lesezeit\" \/>\n\t<meta name=\"twitter:data1\" content=\"2\u00a0Minuten\" \/>\n<script type=\"application\/ld+json\" class=\"yoast-schema-graph\">{\"@context\":\"https:\/\/schema.org\",\"@graph\":[{\"@type\":\"WebPage\",\"@id\":\"https:\/\/autoconnect24.de\/jahreswagen-gebrauchtwagen-neuwagen-tageszulassungen-leasingruecklaeufer-bamberg\/fahrzeugangebote\/\",\"url\":\"https:\/\/autoconnect24.de\/jahreswagen-gebrauchtwagen-neuwagen-tageszulassungen-leasingruecklaeufer-bamberg\/fahrzeugangebote\/\",\"name\":\"Gebrauchtwagen Bamberg, Jahreswagen & Tageszulassungen g\u00fcnstig\",\"isPartOf\":{\"@id\":\"https:\/\/autoconnect24.de\/jahreswagen-gebrauchtwagen-neuwagen-tageszulassungen-leasingruecklaeufer-bamberg\/#website\"},\"datePublished\":\"2014-02-26T16:22:02+00:00\",\"dateModified\":\"2026-01-24T16:56:47+00:00\",\"description\":\"Autoconnect24 e.K. Bamberg, Gepr\u00fcfte Jahreswagen, Neuwagen mit Tageszulassung, Leasingr\u00fcckl\u00e4ufer & Gebrauchtwagen Bamberg versch. Fabrikate, 1A Konditionen\",\"inLanguage\":\"de\",\"potentialAction\":[{\"@type\":\"ReadAction\",\"target\":[\"https:\/\/autoconnect24.de\/jahreswagen-gebrauchtwagen-neuwagen-tageszulassungen-leasingruecklaeufer-bamberg\/fahrzeugangebote\/\"]}]},{\"@type\":\"WebSite\",\"@id\":\"https:\/\/autoconnect24.de\/jahreswagen-gebrauchtwagen-neuwagen-tageszulassungen-leasingruecklaeufer-bamberg\/#website\",\"url\":\"https:\/\/autoconnect24.de\/jahreswagen-gebrauchtwagen-neuwagen-tageszulassungen-leasingruecklaeufer-bamberg\/\",\"name\":\"Autoconnect24 e.K. Die besseren Gebrauchtwagen\",\"description\":\"Gepflegte Jahreswagen, Jungwagen, Gebrauchtwagen &amp; Neuwagen mit Tageszulassung zu erstklassigen 1A Konditionen in Bamberg\",\"publisher\":{\"@id\":\"https:\/\/autoconnect24.de\/jahreswagen-gebrauchtwagen-neuwagen-tageszulassungen-leasingruecklaeufer-bamberg\/#organization\"},\"potentialAction\":[{\"@type\":\"SearchAction\",\"target\":{\"@type\":\"EntryPoint\",\"urlTemplate\":\"https:\/\/autoconnect24.de\/jahreswagen-gebrauchtwagen-neuwagen-tageszulassungen-leasingruecklaeufer-bamberg\/?s={search_term_string}\"},\"query-input\":\"required name=search_term_string\"}],\"inLanguage\":\"de\"},{\"@type\":\"Organization\",\"@id\":\"https:\/\/autoconnect24.de\/jahreswagen-gebrauchtwagen-neuwagen-tageszulassungen-leasingruecklaeufer-bamberg\/#organization\",\"name\":\"Autoconnect24 e.K.\",\"url\":\"https:\/\/autoconnect24.de\/jahreswagen-gebrauchtwagen-neuwagen-tageszulassungen-leasingruecklaeufer-bamberg\/\",\"logo\":{\"@type\":\"ImageObject\",\"inLanguage\":\"de\",\"@id\":\"https:\/\/autoconnect24.de\/jahreswagen-gebrauchtwagen-neuwagen-tageszulassungen-leasingruecklaeufer-bamberg\/#\/schema\/logo\/image\/\",\"url\":\"https:\/\/autoconnect24.de\/wp-content\/uploads\/2014\/02\/ACN24BVfKLogo.jpg\",\"contentUrl\":\"https:\/\/autoconnect24.de\/wp-content\/uploads\/2014\/02\/ACN24BVfKLogo.jpg\",\"width\":757,\"height\":168,\"caption\":\"Autoconnect24 e.K.\"},\"image\":{\"@id\":\"https:\/\/autoconnect24.de\/jahreswagen-gebrauchtwagen-neuwagen-tageszulassungen-leasingruecklaeufer-bamberg\/#\/schema\/logo\/image\/\"},\"sameAs\":[\"https:\/\/de-de.facebook.com\/bamberg.autoconnect24\/\"]}]}<\/script>\n<!-- \/ Yoast SEO plugin. -->","yoast_head_json":{"title":"Gebrauchtwagen Bamberg, Jahreswagen & Tageszulassungen g\u00fcnstig","description":"Autoconnect24 e.K. Bamberg, Gepr\u00fcfte Jahreswagen, Neuwagen mit Tageszulassung, Leasingr\u00fcckl\u00e4ufer & Gebrauchtwagen Bamberg versch. Fabrikate, 1A Konditionen","robots":{"index":"index","follow":"follow","max-snippet":"max-snippet:-1","max-image-preview":"max-image-preview:large","max-video-preview":"max-video-preview:-1"},"canonical":"https:\/\/autoconnect24.de\/jahreswagen-gebrauchtwagen-neuwagen-tageszulassungen-leasingruecklaeufer-bamberg\/fahrzeugangebote\/","og_locale":"de_DE","og_type":"article","og_title":"Gebrauchtwagen Bamberg, Jahreswagen & Tageszulassungen g\u00fcnstig","og_description":"Autoconnect24 e.K. Bamberg, Gepr\u00fcfte Jahreswagen, Neuwagen mit Tageszulassung, Leasingr\u00fcckl\u00e4ufer & Gebrauchtwagen Bamberg versch. Fabrikate, 1A Konditionen","og_url":"https:\/\/autoconnect24.de\/jahreswagen-gebrauchtwagen-neuwagen-tageszulassungen-leasingruecklaeufer-bamberg\/fahrzeugangebote\/","og_site_name":"Autoconnect24 e.K. Die besseren Gebrauchtwagen","article_publisher":"https:\/\/de-de.facebook.com\/bamberg.autoconnect24\/","article_modified_time":"2026-01-24T16:56:47+00:00","og_image":[{"url":"https:\/\/a.partner-versicherung.de\/view.php?partner_id=90100&amp;ad_id=442"}],"twitter_misc":{"Gesch\u00e4tzte Lesezeit":"2\u00a0Minuten"},"schema":{"@context":"https:\/\/schema.org","@graph":[{"@type":"WebPage","@id":"https:\/\/autoconnect24.de\/jahreswagen-gebrauchtwagen-neuwagen-tageszulassungen-leasingruecklaeufer-bamberg\/fahrzeugangebote\/","url":"https:\/\/autoconnect24.de\/jahreswagen-gebrauchtwagen-neuwagen-tageszulassungen-leasingruecklaeufer-bamberg\/fahrzeugangebote\/","name":"Gebrauchtwagen Bamberg, Jahreswagen & Tageszulassungen g\u00fcnstig","isPartOf":{"@id":"https:\/\/autoconnect24.de\/jahreswagen-gebrauchtwagen-neuwagen-tageszulassungen-leasingruecklaeufer-bamberg\/#website"},"datePublished":"2014-02-26T16:22:02+00:00","dateModified":"2026-01-24T16:56:47+00:00","description":"Autoconnect24 e.K. Bamberg, Gepr\u00fcfte Jahreswagen, Neuwagen mit Tageszulassung, Leasingr\u00fcckl\u00e4ufer & Gebrauchtwagen Bamberg versch. Fabrikate, 1A Konditionen","inLanguage":"de","potentialAction":[{"@type":"ReadAction","target":["https:\/\/autoconnect24.de\/jahreswagen-gebrauchtwagen-neuwagen-tageszulassungen-leasingruecklaeufer-bamberg\/fahrzeugangebote\/"]}]},{"@type":"WebSite","@id":"https:\/\/autoconnect24.de\/jahreswagen-gebrauchtwagen-neuwagen-tageszulassungen-leasingruecklaeufer-bamberg\/#website","url":"https:\/\/autoconnect24.de\/jahreswagen-gebrauchtwagen-neuwagen-tageszulassungen-leasingruecklaeufer-bamberg\/","name":"Autoconnect24 e.K. Die besseren Gebrauchtwagen","description":"Gepflegte Jahreswagen, Jungwagen, Gebrauchtwagen &amp; Neuwagen mit Tageszulassung zu erstklassigen 1A Konditionen in Bamberg","publisher":{"@id":"https:\/\/autoconnect24.de\/jahreswagen-gebrauchtwagen-neuwagen-tageszulassungen-leasingruecklaeufer-bamberg\/#organization"},"potentialAction":[{"@type":"SearchAction","target":{"@type":"EntryPoint","urlTemplate":"https:\/\/autoconnect24.de\/jahreswagen-gebrauchtwagen-neuwagen-tageszulassungen-leasingruecklaeufer-bamberg\/?s={search_term_string}"},"query-input":"required name=search_term_string"}],"inLanguage":"de"},{"@type":"Organization","@id":"https:\/\/autoconnect24.de\/jahreswagen-gebrauchtwagen-neuwagen-tageszulassungen-leasingruecklaeufer-bamberg\/#organization","name":"Autoconnect24 e.K.","url":"https:\/\/autoconnect24.de\/jahreswagen-gebrauchtwagen-neuwagen-tageszulassungen-leasingruecklaeufer-bamberg\/","logo":{"@type":"ImageObject","inLanguage":"de","@id":"https:\/\/autoconnect24.de\/jahreswagen-gebrauchtwagen-neuwagen-tageszulassungen-leasingruecklaeufer-bamberg\/#\/schema\/logo\/image\/","url":"https:\/\/autoconnect24.de\/wp-content\/uploads\/2014\/02\/ACN24BVfKLogo.jpg","contentUrl":"https:\/\/autoconnect24.de\/wp-content\/uploads\/2014\/02\/ACN24BVfKLogo.jpg","width":757,"height":168,"caption":"Autoconnect24 e.K."},"image":{"@id":"https:\/\/autoconnect24.de\/jahreswagen-gebrauchtwagen-neuwagen-tageszulassungen-leasingruecklaeufer-bamberg\/#\/schema\/logo\/image\/"},"sameAs":["https:\/\/de-de.facebook.com\/bamberg.autoconnect24\/"]}]}},"_links":{"self":[{"href":"https:\/\/autoconnect24.de\/jahreswagen-gebrauchtwagen-neuwagen-tageszulassungen-leasingruecklaeufer-bamberg\/wp-json\/wp\/v2\/pages\/7"}],"collection":[{"href":"https:\/\/autoconnect24.de\/jahreswagen-gebrauchtwagen-neuwagen-tageszulassungen-leasingruecklaeufer-bamberg\/wp-json\/wp\/v2\/pages"}],"about":[{"href":"https:\/\/autoconnect24.de\/jahreswagen-gebrauchtwagen-neuwagen-tageszulassungen-leasingruecklaeufer-bamberg\/wp-json\/wp\/v2\/types\/page"}],"author":[{"embeddable":true,"href":"https:\/\/autoconnect24.de\/jahreswagen-gebrauchtwagen-neuwagen-tageszulassungen-leasingruecklaeufer-bamberg\/wp-json\/wp\/v2\/users\/1"}],"replies":[{"embeddable":true,"href":"https:\/\/autoconnect24.de\/jahreswagen-gebrauchtwagen-neuwagen-tageszulassungen-leasingruecklaeufer-bamberg\/wp-json\/wp\/v2\/comments?post=7"}],"version-history":[{"count":219,"href":"https:\/\/autoconnect24.de\/jahreswagen-gebrauchtwagen-neuwagen-tageszulassungen-leasingruecklaeufer-bamberg\/wp-json\/wp\/v2\/pages\/7\/revisions"}],"predecessor-version":[{"id":4192,"href":"https:\/\/autoconnect24.de\/jahreswagen-gebrauchtwagen-neuwagen-tageszulassungen-leasingruecklaeufer-bamberg\/wp-json\/wp\/v2\/pages\/7\/revisions\/4192"}],"wp:attachment":[{"href":"https:\/\/autoconnect24.de\/jahreswagen-gebrauchtwagen-neuwagen-tageszulassungen-leasingruecklaeufer-bamberg\/wp-json\/wp\/v2\/media?parent=7"}],"curies":[{"name":"wp","href":"https:\/\/api.w.org\/{rel}","templated":true}]}}