{"id":80,"date":"2014-02-28T14:18:56","date_gmt":"2014-02-28T12:18:56","guid":{"rendered":"http:\/\/homepage.autoconnect24.de\/?page_id=80"},"modified":"2025-01-24T18:29:11","modified_gmt":"2025-01-24T16:29:11","slug":"anfahrt","status":"publish","type":"page","link":"https:\/\/autoconnect24.de\/jahreswagen-gebrauchtwagen-neuwagen-tageszulassungen-leasingruecklaeufer-bamberg\/anfahrt\/","title":{"rendered":"Anfahrt"},"content":{"rendered":"<p><script type=\"text\/javascript\">\nfunction googleTranslateElementInit() {\n  new google.translate.TranslateElement({pageLanguage: 'de', layout: google.translate.TranslateElement.InlineLayout.SIMPLE}, 'google_translate_element');\n}\n<\/script><script type=\"text\/javascript\" src=\"\/\/translate.google.com\/translate_a\/element.js?cb=googleTranslateElementInit\"><\/script><\/p>\n<p>&nbsp;<\/p>\n<p>&nbsp;<\/p>\n<p><strong>So finden Sie bei der Anfahrt zu uns:<\/strong><\/p>\n<p><span style=\"font-size: 12pt;\"><u><strong>Wichtig zur Anfahrt:<\/strong><\/u><\/span><br \/>\n1) Biegen Sie in Bamberg vom Berliner Ring ab in die Zeppelinstra\u00dfe und folgen dem Hauptstra\u00dfenverlauf f\u00fcr ca. 300 Meter<br \/>\n2) Nehmen Sie die Einfahrt bei der Preisanzeigetafel von der Jet-Tankstelle<br \/>\n3) Sie finden uns hinter dem wei\u00dfen Hansaflexgeb\u00e4ude, in Richtung der Jet-Tankstelle am Berliner Ring!<\/p>\n<p>PS: Ortskundige k\u00f6nnen alternativ auch direkt vom Berliner Ring \u00fcber die Einfahrt der Jet-Tankstelle zu uns fahren!<\/p>\n<div class=\"BorlabsCookie _brlbs-cb-googlemaps\"><div class=\"_brlbs-content-blocker\"> <div class=\"_brlbs-embed _brlbs-google-maps\"> <img class=\"_brlbs-thumbnail\" src=\"https:\/\/autoconnect24.de\/wp-content\/plugins\/borlabs-cookie\/assets\/images\/cb-maps.png\" alt=\"Google Maps\"> <div class=\"_brlbs-caption\"> <p>Mit dem Laden der Karte akzeptieren Sie die Datenschutzerkl\u00e4rung von Google.<br><a href=\"https:\/\/policies.google.com\/privacy\" target=\"_blank\" rel=\"nofollow noopener noreferrer\">Mehr erfahren<\/a><\/p> <p><a class=\"_brlbs-btn\" href=\"#\" data-borlabs-cookie-unblock role=\"button\">Karte laden<\/a><\/p> <p><label><input type=\"checkbox\" name=\"unblockAll\" value=\"1\" checked> <small>Google Maps immer entsperren<\/small><\/label><\/p> <\/div> <\/div> <\/div><div class=\"borlabs-hide\" data-borlabs-cookie-type=\"content-blocker\" data-borlabs-cookie-id=\"googlemaps\"><script type=\"text\/template\">PHA+PGlmcmFtZSBsb2FkaW5nPSJsYXp5IiBzdHlsZT0iYm9yZGVyOiAwOyIgc3JjPSJodHRwczovL3d3dy5nb29nbGUuY29tL21hcHMvZW1iZWQ\/cGI9ITFtMTghMW0xMiExbTMhMWQxMDI3Ni4zNjU3MDIyOTM3NTkhMmQxMC44OTg4NDE3MTI2NDE2ODMhM2Q0OS45MTU4NTg4OTY4MTc0NSEybTMhMWYwITJmMCEzZjAhM20yITFpMTAyNCEyaTc2OCE0ZjEzLjEhM20zITFtMiExczB4MCUzQTB4ZmIxMTc3YjliNTZjZmVmYSEyc0F1dG9jb25uZWN0MjQlMjBlLksuITVlMCEzbTIhMXNkZSEyc2RlITR2MTYyOTI3NjE1NDgwMyE1bTIhMXNkZSEyc2RlIiB3aWR0aD0iNjAwIiBoZWlnaHQ9IjQ1MCIgYWxsb3dmdWxsc2NyZWVuPSJhbGxvd2Z1bGxzY3JlZW4iPjwvaWZyYW1lPjwvcD4=<\/script><\/div><\/div>\n<p><a title=\"\" href=\"https:\/\/autoconnect24.de\/angebote-fahrzeuge-jahreswagen-tageszulassungen-gebrauchtwagen-jungwagen-bamberg\" target=\"\" rel=\"noopener noreferrer\"><img decoding=\"async\" loading=\"lazy\" class=\"size-full wp-image-41 alignright\" title=\"Autoconnect24 e.K. gebrauchtwagen bamberg anfahrt\" src=\"https:\/\/autoconnect24.de\/wp-content\/uploads\/2014\/02\/ACN24BVfKLogo.jpg\" alt=\"Autoconnect24 e.K. gebrauchtwagen bamberg anfahrt\" width=\"176\" height=\"39\" srcset=\"https:\/\/autoconnect24.de\/wp-content\/uploads\/2014\/02\/ACN24BVfKLogo.jpg 757w, https:\/\/autoconnect24.de\/wp-content\/uploads\/2014\/02\/ACN24BVfKLogo-300x66.jpg 300w, https:\/\/autoconnect24.de\/wp-content\/uploads\/2014\/02\/ACN24BVfKLogo-624x138.jpg 624w\" sizes=\"(max-width: 176px) 85vw, 176px\" \/><\/a><\/p>\n<p>&nbsp;<\/p>\n<div><\/div>\n<div><u>Copyright<\/u><\/div>\n<div style=\"color: white; font-size: 0.8em;\"><span style=\"color: #000000;\">Copyright \u00a9 2026 Autoconnect24 e.K.<\/span><\/div>\n<div style=\"color: white; font-size: 0.8em;\"><span style=\"color: #000000;\">All rights reserved.<\/span><\/div>\n<div style=\"color: white; font-size: 0.8em;\"><\/div>\n<div style=\"color: white; font-size: 0.8em;\"><span style=\"color: #ffffff;\">Neuwagen, EU &#8211; Neuwagen,Jahreswagen, Gebrauchtwagen<\/span><\/div>\n","protected":false},"excerpt":{"rendered":"<p>&nbsp; &nbsp; So finden Sie bei der Anfahrt zu uns: Wichtig zur Anfahrt: 1) Biegen Sie in Bamberg vom Berliner Ring ab in die Zeppelinstra\u00dfe und folgen dem Hauptstra\u00dfenverlauf f\u00fcr ca. 300 Meter 2) Nehmen Sie die Einfahrt bei der Preisanzeigetafel von der Jet-Tankstelle 3) Sie finden uns hinter dem wei\u00dfen Hansaflexgeb\u00e4ude, in Richtung der &hellip; <a href=\"https:\/\/autoconnect24.de\/jahreswagen-gebrauchtwagen-neuwagen-tageszulassungen-leasingruecklaeufer-bamberg\/anfahrt\/\" class=\"more-link\"><span class=\"screen-reader-text\">\u201eAnfahrt\u201c<\/span> weiterlesen<\/a><\/p>\n","protected":false},"author":1,"featured_media":0,"parent":0,"menu_order":0,"comment_status":"closed","ping_status":"open","template":"","meta":[],"yoast_head":"<!-- This site is optimized with the Yoast SEO plugin v20.9 - https:\/\/yoast.com\/wordpress\/plugins\/seo\/ -->\n<title>Anfahrt zu Autoconnect24 e.K Gebrauchtwagen - Neuwagen in Bamberg<\/title>\n<meta name=\"description\" content=\"Anfahrt: So finden Sie zu Autoconnect24 e.K. Zeppelinstr. 3 -neben dem T\u00fcv (Einfahrt Firma Hansaflex), 96052 Bamberg, Vom Neuwagen bis zum Gebrauchtwagen.\" \/>\n<meta name=\"robots\" content=\"index, follow, max-snippet:-1, max-image-preview:large, max-video-preview:-1\" \/>\n<link rel=\"canonical\" href=\"https:\/\/autoconnect24.de\/jahreswagen-gebrauchtwagen-neuwagen-tageszulassungen-leasingruecklaeufer-bamberg\/anfahrt\/\" \/>\n<meta property=\"og:locale\" content=\"de_DE\" \/>\n<meta property=\"og:type\" content=\"article\" \/>\n<meta property=\"og:title\" content=\"Anfahrt zu Autoconnect24 e.K Gebrauchtwagen - Neuwagen in Bamberg\" \/>\n<meta property=\"og:description\" content=\"Anfahrt: So finden Sie zu Autoconnect24 e.K. Zeppelinstr. 3 -neben dem T\u00fcv (Einfahrt Firma Hansaflex), 96052 Bamberg, Vom Neuwagen bis zum Gebrauchtwagen.\" \/>\n<meta property=\"og:url\" content=\"https:\/\/autoconnect24.de\/jahreswagen-gebrauchtwagen-neuwagen-tageszulassungen-leasingruecklaeufer-bamberg\/anfahrt\/\" \/>\n<meta property=\"og:site_name\" content=\"Autoconnect24 e.K. Die besseren Gebrauchtwagen\" \/>\n<meta property=\"article:publisher\" content=\"https:\/\/de-de.facebook.com\/bamberg.autoconnect24\/\" \/>\n<meta property=\"article:modified_time\" content=\"2025-01-24T16:29:11+00:00\" \/>\n<meta property=\"og:image\" content=\"https:\/\/autoconnect24.de\/wp-content\/uploads\/2014\/02\/ACN24BVfKLogo.jpg\" \/>\n<meta name=\"twitter:label1\" content=\"Gesch\u00e4tzte Lesezeit\" \/>\n\t<meta name=\"twitter:data1\" content=\"1\u00a0Minute\" \/>\n<script type=\"application\/ld+json\" class=\"yoast-schema-graph\">{\"@context\":\"https:\/\/schema.org\",\"@graph\":[{\"@type\":\"WebPage\",\"@id\":\"https:\/\/autoconnect24.de\/jahreswagen-gebrauchtwagen-neuwagen-tageszulassungen-leasingruecklaeufer-bamberg\/anfahrt\/\",\"url\":\"https:\/\/autoconnect24.de\/jahreswagen-gebrauchtwagen-neuwagen-tageszulassungen-leasingruecklaeufer-bamberg\/anfahrt\/\",\"name\":\"Anfahrt zu Autoconnect24 e.K Gebrauchtwagen - Neuwagen in Bamberg\",\"isPartOf\":{\"@id\":\"https:\/\/autoconnect24.de\/jahreswagen-gebrauchtwagen-neuwagen-tageszulassungen-leasingruecklaeufer-bamberg\/#website\"},\"datePublished\":\"2014-02-28T12:18:56+00:00\",\"dateModified\":\"2025-01-24T16:29:11+00:00\",\"description\":\"Anfahrt: So finden Sie zu Autoconnect24 e.K. Zeppelinstr. 3 -neben dem T\u00fcv (Einfahrt Firma Hansaflex), 96052 Bamberg, Vom Neuwagen bis zum Gebrauchtwagen.\",\"inLanguage\":\"de\",\"potentialAction\":[{\"@type\":\"ReadAction\",\"target\":[\"https:\/\/autoconnect24.de\/jahreswagen-gebrauchtwagen-neuwagen-tageszulassungen-leasingruecklaeufer-bamberg\/anfahrt\/\"]}]},{\"@type\":\"WebSite\",\"@id\":\"https:\/\/autoconnect24.de\/jahreswagen-gebrauchtwagen-neuwagen-tageszulassungen-leasingruecklaeufer-bamberg\/#website\",\"url\":\"https:\/\/autoconnect24.de\/jahreswagen-gebrauchtwagen-neuwagen-tageszulassungen-leasingruecklaeufer-bamberg\/\",\"name\":\"Autoconnect24 e.K. Die besseren Gebrauchtwagen\",\"description\":\"Gepflegte Jahreswagen, Jungwagen, Gebrauchtwagen &amp; Neuwagen mit Tageszulassung zu erstklassigen 1A Konditionen in Bamberg\",\"publisher\":{\"@id\":\"https:\/\/autoconnect24.de\/jahreswagen-gebrauchtwagen-neuwagen-tageszulassungen-leasingruecklaeufer-bamberg\/#organization\"},\"potentialAction\":[{\"@type\":\"SearchAction\",\"target\":{\"@type\":\"EntryPoint\",\"urlTemplate\":\"https:\/\/autoconnect24.de\/jahreswagen-gebrauchtwagen-neuwagen-tageszulassungen-leasingruecklaeufer-bamberg\/?s={search_term_string}\"},\"query-input\":\"required name=search_term_string\"}],\"inLanguage\":\"de\"},{\"@type\":\"Organization\",\"@id\":\"https:\/\/autoconnect24.de\/jahreswagen-gebrauchtwagen-neuwagen-tageszulassungen-leasingruecklaeufer-bamberg\/#organization\",\"name\":\"Autoconnect24 e.K.\",\"url\":\"https:\/\/autoconnect24.de\/jahreswagen-gebrauchtwagen-neuwagen-tageszulassungen-leasingruecklaeufer-bamberg\/\",\"logo\":{\"@type\":\"ImageObject\",\"inLanguage\":\"de\",\"@id\":\"https:\/\/autoconnect24.de\/jahreswagen-gebrauchtwagen-neuwagen-tageszulassungen-leasingruecklaeufer-bamberg\/#\/schema\/logo\/image\/\",\"url\":\"https:\/\/autoconnect24.de\/wp-content\/uploads\/2014\/02\/ACN24BVfKLogo.jpg\",\"contentUrl\":\"https:\/\/autoconnect24.de\/wp-content\/uploads\/2014\/02\/ACN24BVfKLogo.jpg\",\"width\":757,\"height\":168,\"caption\":\"Autoconnect24 e.K.\"},\"image\":{\"@id\":\"https:\/\/autoconnect24.de\/jahreswagen-gebrauchtwagen-neuwagen-tageszulassungen-leasingruecklaeufer-bamberg\/#\/schema\/logo\/image\/\"},\"sameAs\":[\"https:\/\/de-de.facebook.com\/bamberg.autoconnect24\/\"]}]}<\/script>\n<!-- \/ Yoast SEO plugin. -->","yoast_head_json":{"title":"Anfahrt zu Autoconnect24 e.K Gebrauchtwagen - Neuwagen in Bamberg","description":"Anfahrt: So finden Sie zu Autoconnect24 e.K. Zeppelinstr. 3 -neben dem T\u00fcv (Einfahrt Firma Hansaflex), 96052 Bamberg, Vom Neuwagen bis zum Gebrauchtwagen.","robots":{"index":"index","follow":"follow","max-snippet":"max-snippet:-1","max-image-preview":"max-image-preview:large","max-video-preview":"max-video-preview:-1"},"canonical":"https:\/\/autoconnect24.de\/jahreswagen-gebrauchtwagen-neuwagen-tageszulassungen-leasingruecklaeufer-bamberg\/anfahrt\/","og_locale":"de_DE","og_type":"article","og_title":"Anfahrt zu Autoconnect24 e.K Gebrauchtwagen - Neuwagen in Bamberg","og_description":"Anfahrt: So finden Sie zu Autoconnect24 e.K. Zeppelinstr. 3 -neben dem T\u00fcv (Einfahrt Firma Hansaflex), 96052 Bamberg, Vom Neuwagen bis zum Gebrauchtwagen.","og_url":"https:\/\/autoconnect24.de\/jahreswagen-gebrauchtwagen-neuwagen-tageszulassungen-leasingruecklaeufer-bamberg\/anfahrt\/","og_site_name":"Autoconnect24 e.K. Die besseren Gebrauchtwagen","article_publisher":"https:\/\/de-de.facebook.com\/bamberg.autoconnect24\/","article_modified_time":"2025-01-24T16:29:11+00:00","og_image":[{"url":"https:\/\/autoconnect24.de\/wp-content\/uploads\/2014\/02\/ACN24BVfKLogo.jpg"}],"twitter_misc":{"Gesch\u00e4tzte Lesezeit":"1\u00a0Minute"},"schema":{"@context":"https:\/\/schema.org","@graph":[{"@type":"WebPage","@id":"https:\/\/autoconnect24.de\/jahreswagen-gebrauchtwagen-neuwagen-tageszulassungen-leasingruecklaeufer-bamberg\/anfahrt\/","url":"https:\/\/autoconnect24.de\/jahreswagen-gebrauchtwagen-neuwagen-tageszulassungen-leasingruecklaeufer-bamberg\/anfahrt\/","name":"Anfahrt zu Autoconnect24 e.K Gebrauchtwagen - Neuwagen in Bamberg","isPartOf":{"@id":"https:\/\/autoconnect24.de\/jahreswagen-gebrauchtwagen-neuwagen-tageszulassungen-leasingruecklaeufer-bamberg\/#website"},"datePublished":"2014-02-28T12:18:56+00:00","dateModified":"2025-01-24T16:29:11+00:00","description":"Anfahrt: So finden Sie zu Autoconnect24 e.K. Zeppelinstr. 3 -neben dem T\u00fcv (Einfahrt Firma Hansaflex), 96052 Bamberg, Vom Neuwagen bis zum Gebrauchtwagen.","inLanguage":"de","potentialAction":[{"@type":"ReadAction","target":["https:\/\/autoconnect24.de\/jahreswagen-gebrauchtwagen-neuwagen-tageszulassungen-leasingruecklaeufer-bamberg\/anfahrt\/"]}]},{"@type":"WebSite","@id":"https:\/\/autoconnect24.de\/jahreswagen-gebrauchtwagen-neuwagen-tageszulassungen-leasingruecklaeufer-bamberg\/#website","url":"https:\/\/autoconnect24.de\/jahreswagen-gebrauchtwagen-neuwagen-tageszulassungen-leasingruecklaeufer-bamberg\/","name":"Autoconnect24 e.K. Die besseren Gebrauchtwagen","description":"Gepflegte Jahreswagen, Jungwagen, Gebrauchtwagen &amp; Neuwagen mit Tageszulassung zu erstklassigen 1A Konditionen in Bamberg","publisher":{"@id":"https:\/\/autoconnect24.de\/jahreswagen-gebrauchtwagen-neuwagen-tageszulassungen-leasingruecklaeufer-bamberg\/#organization"},"potentialAction":[{"@type":"SearchAction","target":{"@type":"EntryPoint","urlTemplate":"https:\/\/autoconnect24.de\/jahreswagen-gebrauchtwagen-neuwagen-tageszulassungen-leasingruecklaeufer-bamberg\/?s={search_term_string}"},"query-input":"required name=search_term_string"}],"inLanguage":"de"},{"@type":"Organization","@id":"https:\/\/autoconnect24.de\/jahreswagen-gebrauchtwagen-neuwagen-tageszulassungen-leasingruecklaeufer-bamberg\/#organization","name":"Autoconnect24 e.K.","url":"https:\/\/autoconnect24.de\/jahreswagen-gebrauchtwagen-neuwagen-tageszulassungen-leasingruecklaeufer-bamberg\/","logo":{"@type":"ImageObject","inLanguage":"de","@id":"https:\/\/autoconnect24.de\/jahreswagen-gebrauchtwagen-neuwagen-tageszulassungen-leasingruecklaeufer-bamberg\/#\/schema\/logo\/image\/","url":"https:\/\/autoconnect24.de\/wp-content\/uploads\/2014\/02\/ACN24BVfKLogo.jpg","contentUrl":"https:\/\/autoconnect24.de\/wp-content\/uploads\/2014\/02\/ACN24BVfKLogo.jpg","width":757,"height":168,"caption":"Autoconnect24 e.K."},"image":{"@id":"https:\/\/autoconnect24.de\/jahreswagen-gebrauchtwagen-neuwagen-tageszulassungen-leasingruecklaeufer-bamberg\/#\/schema\/logo\/image\/"},"sameAs":["https:\/\/de-de.facebook.com\/bamberg.autoconnect24\/"]}]}},"_links":{"self":[{"href":"https:\/\/autoconnect24.de\/jahreswagen-gebrauchtwagen-neuwagen-tageszulassungen-leasingruecklaeufer-bamberg\/wp-json\/wp\/v2\/pages\/80"}],"collection":[{"href":"https:\/\/autoconnect24.de\/jahreswagen-gebrauchtwagen-neuwagen-tageszulassungen-leasingruecklaeufer-bamberg\/wp-json\/wp\/v2\/pages"}],"about":[{"href":"https:\/\/autoconnect24.de\/jahreswagen-gebrauchtwagen-neuwagen-tageszulassungen-leasingruecklaeufer-bamberg\/wp-json\/wp\/v2\/types\/page"}],"author":[{"embeddable":true,"href":"https:\/\/autoconnect24.de\/jahreswagen-gebrauchtwagen-neuwagen-tageszulassungen-leasingruecklaeufer-bamberg\/wp-json\/wp\/v2\/users\/1"}],"replies":[{"embeddable":true,"href":"https:\/\/autoconnect24.de\/jahreswagen-gebrauchtwagen-neuwagen-tageszulassungen-leasingruecklaeufer-bamberg\/wp-json\/wp\/v2\/comments?post=80"}],"version-history":[{"count":50,"href":"https:\/\/autoconnect24.de\/jahreswagen-gebrauchtwagen-neuwagen-tageszulassungen-leasingruecklaeufer-bamberg\/wp-json\/wp\/v2\/pages\/80\/revisions"}],"predecessor-version":[{"id":4196,"href":"https:\/\/autoconnect24.de\/jahreswagen-gebrauchtwagen-neuwagen-tageszulassungen-leasingruecklaeufer-bamberg\/wp-json\/wp\/v2\/pages\/80\/revisions\/4196"}],"wp:attachment":[{"href":"https:\/\/autoconnect24.de\/jahreswagen-gebrauchtwagen-neuwagen-tageszulassungen-leasingruecklaeufer-bamberg\/wp-json\/wp\/v2\/media?parent=80"}],"curies":[{"name":"wp","href":"https:\/\/api.w.org\/{rel}","templated":true}]}}